{"id":23989,"date":"2021-10-15T13:54:04","date_gmt":"2021-10-15T12:54:04","guid":{"rendered":"https:\/\/marina-kastela.hr\/megayachten\/"},"modified":"2025-09-26T11:17:04","modified_gmt":"2025-09-26T10:17:04","slug":"megayachten","status":"publish","type":"page","link":"https:\/\/marina-kastela.hr\/de\/megayachten\/","title":{"rendered":"Megayachts"},"content":{"rendered":"\t\t<div data-elementor-type=\"wp-page\" data-elementor-id=\"23989\" class=\"elementor elementor-23989 elementor-18154\" data-elementor-post-type=\"page\">\n\t\t\t\t\t\t<section class=\"elementor-section elementor-top-section elementor-element elementor-element-e25bfdc elementor-section-boxed elementor-section-height-default elementor-section-height-default sc_fly_static\" data-id=\"e25bfdc\" data-element_type=\"section\">\n\t\t\t\t\t\t<div class=\"elementor-container elementor-column-gap-extended\">\n\t\t\t\t\t<div class=\"elementor-column elementor-col-100 elementor-top-column elementor-element elementor-element-04eb5bf sc_inner_width_none sc_content_align_inherit sc_layouts_column_icons_position_left sc_fly_static\" data-id=\"04eb5bf\" data-element_type=\"column\">\n\t\t\t<div class=\"elementor-widget-wrap elementor-element-populated\">\n\t\t\t\t\t\t<div class=\"elementor-element elementor-element-1ae779f sc_fly_static elementor-widget elementor-widget-trx_sc_title\" data-id=\"1ae779f\" data-element_type=\"widget\" data-widget_type=\"trx_sc_title.default\">\n\t\t\t\t<div class=\"elementor-widget-container\">\n\t\t\t\t\t<div\t\tclass=\"sc_title sc_title_default\" ><span class=\"sc_item_subtitle sc_title_subtitle sc_align_center sc_item_subtitle_above sc_item_title_style_default\">Marina Kastela<\/span><h1 class=\"sc_item_title sc_title_title sc_align_center sc_item_title_style_default sc_item_title_tag sc_typed\"\n\t\t\t><span class=\"sc_item_title_text\">Die ideale Hafenlage zur Aufnahme von Mega-Yachten im Herzen Dalmatiens.<\/span><\/h1><\/div>\t\t\t\t<\/div>\n\t\t\t\t<\/div>\n\t\t\t\t<div class=\"elementor-element elementor-element-57db269 sc_fly_static elementor-widget elementor-widget-spacer\" data-id=\"57db269\" data-element_type=\"widget\" data-widget_type=\"spacer.default\">\n\t\t\t\t<div class=\"elementor-widget-container\">\n\t\t\t\t\t\t\t<div class=\"elementor-spacer\">\n\t\t\t<div class=\"elementor-spacer-inner\"><\/div>\n\t\t<\/div>\n\t\t\t\t\t\t<\/div>\n\t\t\t\t<\/div>\n\t\t\t\t\t<\/div>\n\t\t<\/div>\n\t\t\t\t\t<\/div>\n\t\t<\/section>\n\t\t\t\t<section class=\"elementor-section elementor-top-section elementor-element elementor-element-41e0edb0 elementor-section-boxed elementor-section-height-default elementor-section-height-default sc_fly_static\" data-id=\"41e0edb0\" data-element_type=\"section\" data-settings=\"{&quot;background_background&quot;:&quot;classic&quot;}\">\n\t\t\t\t\t\t<div class=\"elementor-container elementor-column-gap-extended\">\n\t\t\t\t\t<div class=\"elementor-column elementor-col-100 elementor-top-column elementor-element elementor-element-11136201 sc_content_align_left sc_layouts_column_align_left sc_layouts_column sc_inner_width_none sc_layouts_column_icons_position_left sc_fly_static\" data-id=\"11136201\" data-element_type=\"column\">\n\t\t\t<div class=\"elementor-widget-wrap elementor-element-populated\">\n\t\t\t\t\t\t<div class=\"elementor-element elementor-element-6382aafd sc_height_huge sc_fly_static elementor-widget elementor-widget-spacer\" data-id=\"6382aafd\" data-element_type=\"widget\" data-widget_type=\"spacer.default\">\n\t\t\t\t<div class=\"elementor-widget-container\">\n\t\t\t\t\t\t\t<div class=\"elementor-spacer\">\n\t\t\t<div class=\"elementor-spacer-inner\"><\/div>\n\t\t<\/div>\n\t\t\t\t\t\t<\/div>\n\t\t\t\t<\/div>\n\t\t\t\t<div class=\"elementor-element elementor-element-8f9c589 sc_fly_static elementor-widget elementor-widget-trx_widget_slider\" data-id=\"8f9c589\" data-element_type=\"widget\" data-widget_type=\"trx_widget_slider.default\">\n\t\t\t\t<div class=\"elementor-widget-container\">\n\t\t\t\t\t<div class=\"widget_area sc_widget_slider\"><aside class=\"widget widget_slider\">\t\t\t<div class=\"slider_wrap slider_engine_swiper\">\n\t\t\t\t<div class=\"slider_outer slider_swiper_outer slider_style_default slider_source_custom slider_outer_direction_horizontal slider_outer_multi slider_outer_nopagination slider_outer_nocontrols slider_outer_nocentered slider_outer_overflow_visible slider_outer_notitles slider_outer_height_auto\"><div class=\"slider_container slider_swiper swiper-slider-container slider_direction_horizontal slider_nopagination slider_multi slider_type_images slider_nocontrols slider_nocentered slider_overflow_visible slider_notitles slider_noresize slider_swipe slider_height_auto\" data-interval=\"7000\" data-speed=\"600\" data-effect=\"slide\" data-pagination=\"bullets\" data-direction=\"horizontal\" data-slides-per-view=\"2\" data-slides-space=\"60\" data-slides-parallax=\"0\" data-slides-centered=\"0\" data-slides-overflow=\"1\" data-mouse-wheel=\"0\" data-autoplay=\"1\" data-loop=\"1\" data-free-mode=\"0\" data-slides-min-width=\"220\"><div class=\"slider-wrapper swiper-wrapper\"><div  class=\"slider-slide swiper-slide\" data-image=\"\/\/marina-kastela.hr\/wp-content\/uploads\/2024\/09\/mega-jahte-001.jpg\" style=\"\"><img decoding=\"async\" src=\"\/\/marina-kastela.hr\/wp-content\/uploads\/2024\/09\/mega-jahte-001.jpg\" alt=\"\"><\/div><div  class=\"slider-slide swiper-slide\" data-image=\"\/\/marina-kastela.hr\/wp-content\/uploads\/2024\/09\/mega-jahte-002.jpg\" style=\"\"><img decoding=\"async\" src=\"\/\/marina-kastela.hr\/wp-content\/uploads\/2024\/09\/mega-jahte-002.jpg\" alt=\"\"><\/div><div  class=\"slider-slide swiper-slide\" data-image=\"\/\/marina-kastela.hr\/wp-content\/uploads\/2024\/02\/mega-jahte-04.jpg\" style=\"\"><img decoding=\"async\" src=\"\/\/marina-kastela.hr\/wp-content\/uploads\/2024\/02\/mega-jahte-04.jpg\" alt=\"\"><\/div><div  class=\"slider-slide swiper-slide\" data-image=\"\/\/marina-kastela.hr\/wp-content\/uploads\/2024\/02\/mega-jahte-05.jpg\" style=\"\"><img decoding=\"async\" src=\"\/\/marina-kastela.hr\/wp-content\/uploads\/2024\/02\/mega-jahte-05.jpg\" alt=\"\"><\/div><div  class=\"slider-slide swiper-slide\" data-image=\"\/\/marina-kastela.hr\/wp-content\/uploads\/2024\/02\/mega-jahte-06.jpg\" style=\"\"><img decoding=\"async\" src=\"\/\/marina-kastela.hr\/wp-content\/uploads\/2024\/02\/mega-jahte-06.jpg\" alt=\"\"><\/div><div  class=\"slider-slide swiper-slide\" data-image=\"\/\/marina-kastela.hr\/wp-content\/uploads\/2025\/05\/mega-jahte-13.jpg\" style=\"\"><img decoding=\"async\" src=\"\/\/marina-kastela.hr\/wp-content\/uploads\/2025\/05\/mega-jahte-13.jpg\" alt=\"\"><\/div><div  class=\"slider-slide swiper-slide\" data-image=\"\/\/marina-kastela.hr\/wp-content\/uploads\/2025\/05\/mega-jahte-12.jpg\" style=\"\"><img decoding=\"async\" src=\"\/\/marina-kastela.hr\/wp-content\/uploads\/2025\/05\/mega-jahte-12.jpg\" alt=\"\"><\/div><div  class=\"slider-slide swiper-slide\" data-image=\"\/\/marina-kastela.hr\/wp-content\/uploads\/2025\/05\/mega-jahte-14.jpg\" style=\"\"><img decoding=\"async\" src=\"\/\/marina-kastela.hr\/wp-content\/uploads\/2025\/05\/mega-jahte-14.jpg\" alt=\"\"><\/div><div  class=\"slider-slide swiper-slide\" data-image=\"\/\/marina-kastela.hr\/wp-content\/uploads\/2025\/05\/mega-jahte-11.jpg\" style=\"\"><img decoding=\"async\" src=\"\/\/marina-kastela.hr\/wp-content\/uploads\/2025\/05\/mega-jahte-11.jpg\" alt=\"\"><\/div><div  class=\"slider-slide swiper-slide\" data-image=\"\/\/marina-kastela.hr\/wp-content\/uploads\/2025\/05\/mega-jahte-10.jpg\" style=\"\"><img decoding=\"async\" src=\"\/\/marina-kastela.hr\/wp-content\/uploads\/2025\/05\/mega-jahte-10.jpg\" alt=\"\"><\/div><\/div><\/div><\/div>\t\t\t<\/div>\n\t\t\t<\/aside><\/div>\t\t\t\t<\/div>\n\t\t\t\t<\/div>\n\t\t\t\t\t<\/div>\n\t\t<\/div>\n\t\t\t\t\t<\/div>\n\t\t<\/section>\n\t\t\t\t<section class=\"elementor-section elementor-top-section elementor-element elementor-element-c81566b elementor-section-boxed elementor-section-height-default elementor-section-height-default sc_fly_static\" data-id=\"c81566b\" data-element_type=\"section\">\n\t\t\t\t\t\t<div class=\"elementor-container elementor-column-gap-extended\">\n\t\t\t\t\t<div class=\"elementor-column elementor-col-100 elementor-top-column elementor-element elementor-element-22ae0e3 sc_inner_width_none sc_content_align_inherit sc_layouts_column_icons_position_left sc_fly_static\" data-id=\"22ae0e3\" data-element_type=\"column\">\n\t\t\t<div class=\"elementor-widget-wrap elementor-element-populated\">\n\t\t\t\t\t\t<div class=\"elementor-element elementor-element-a9d53d1 sc_height_huge sc_fly_static elementor-widget elementor-widget-spacer\" data-id=\"a9d53d1\" data-element_type=\"widget\" data-widget_type=\"spacer.default\">\n\t\t\t\t<div class=\"elementor-widget-container\">\n\t\t\t\t\t\t\t<div class=\"elementor-spacer\">\n\t\t\t<div class=\"elementor-spacer-inner\"><\/div>\n\t\t<\/div>\n\t\t\t\t\t\t<\/div>\n\t\t\t\t<\/div>\n\t\t\t\t\t<\/div>\n\t\t<\/div>\n\t\t\t\t\t<\/div>\n\t\t<\/section>\n\t\t\t\t<section class=\"elementor-section elementor-top-section elementor-element elementor-element-3caaa1ab scheme_dark elementor-section-boxed elementor-section-height-default elementor-section-height-default sc_fly_static\" data-id=\"3caaa1ab\" data-element_type=\"section\" data-settings=\"{&quot;background_background&quot;:&quot;classic&quot;}\">\n\t\t\t\t\t\t<div class=\"elementor-container elementor-column-gap-extended\">\n\t\t\t\t\t<div class=\"elementor-column elementor-col-100 elementor-top-column elementor-element elementor-element-2836f053 sc_inner_width_none sc_content_align_inherit sc_layouts_column_icons_position_left sc_fly_static\" data-id=\"2836f053\" data-element_type=\"column\">\n\t\t\t<div class=\"elementor-widget-wrap elementor-element-populated\">\n\t\t\t\t\t\t<div class=\"elementor-element elementor-element-7a331f98 sc_height_huge sc_fly_static elementor-widget elementor-widget-spacer\" data-id=\"7a331f98\" data-element_type=\"widget\" data-widget_type=\"spacer.default\">\n\t\t\t\t<div class=\"elementor-widget-container\">\n\t\t\t\t\t\t\t<div class=\"elementor-spacer\">\n\t\t\t<div class=\"elementor-spacer-inner\"><\/div>\n\t\t<\/div>\n\t\t\t\t\t\t<\/div>\n\t\t\t\t<\/div>\n\t\t\t\t<div class=\"elementor-element elementor-element-2cf10ddb sc_fly_static elementor-widget elementor-widget-trx_sc_icons\" data-id=\"2cf10ddb\" data-element_type=\"widget\" data-widget_type=\"trx_sc_icons.default\">\n\t\t\t\t<div class=\"elementor-widget-container\">\n\t\t\t\t\t<div \tclass=\"sc_icons color_style_dark sc_icons_alter sc_icons_size_large sc_align_none\" ><div class=\"sc_icons_columns_wrap sc_item_columns trx_addons_columns_wrap columns_padding_bottom columns_in_single_row\" ><div class=\"trx_addons_column-1_3\"><div class=\"sc_icons_item sc_icons_item_linked\"><div class=\"sc_icons_icon sc_icon_type_ icon-anchor-1\" ><span class=\"sc_icon_type_ icon-anchor-1\"><\/span><\/div><div class=\"sc_icons_item_details\"><h4 class=\"sc_icons_item_title\"><a href=\"https:\/\/marina-kastela.hr\/services\/boat-sailing\/\">\r\n                                    Tiefe                                    <\/a><\/h4><div class=\"sc_icons_item_description\"><span>8 bis 11 Meter<\/span><\/div><a href=\"https:\/\/marina-kastela.hr\/services\/boat-sailing\/\"\r\n                        class=\"sc_icons_item_link\">\r\n                        <\/a><\/div><\/div><\/div><div class=\"trx_addons_column-1_3\"><div class=\"sc_icons_item sc_icons_item_linked\"><div class=\"sc_icons_icon sc_icon_type_ icon-windrose\" ><span class=\"sc_icon_type_ icon-windrose\"><\/span><\/div><div class=\"sc_icons_item_details\"><h4 class=\"sc_icons_item_title\"><a href=\"https:\/\/marina-kastela.hr\/services\/five-star-hotel\/\">\r\n                                    Koordinate                                    <\/a><\/h4><div class=\"sc_icons_item_description\"><span>43\u00b0032.745\u00b4N<\/span><span><\/span><span>16\u00b0023.903\u00b4E<\/span><\/div><a href=\"https:\/\/marina-kastela.hr\/services\/five-star-hotel\/\"\r\n                        class=\"sc_icons_item_link\">\r\n                        <\/a><\/div><\/div><\/div><div class=\"trx_addons_column-1_3\"><div class=\"sc_icons_item sc_icons_item_linked\"><div class=\"sc_icons_icon sc_icon_type_ icon-plugins\" ><span class=\"sc_icon_type_ icon-plugins\"><\/span><\/div><div class=\"sc_icons_item_details\"><h4 class=\"sc_icons_item_title\"><a href=\"https:\/\/marina-kastela.hr\/services\/event-planning\/\">\r\n                                    Stromst\u00e4rke                                    <\/a><\/h4><div class=\"sc_icons_item_description\"><span> Bis zu 800A<\/span><\/div><a href=\"https:\/\/marina-kastela.hr\/services\/event-planning\/\"\r\n                        class=\"sc_icons_item_link\">\r\n                        <\/a><\/div><\/div><\/div><\/div><\/div><!-- \/.sc_icons -->\t\t\t\t<\/div>\n\t\t\t\t<\/div>\n\t\t\t\t<div class=\"elementor-element elementor-element-9de1dbd sc_height_huge sc_fly_static elementor-widget elementor-widget-spacer\" data-id=\"9de1dbd\" data-element_type=\"widget\" data-widget_type=\"spacer.default\">\n\t\t\t\t<div class=\"elementor-widget-container\">\n\t\t\t\t\t\t\t<div class=\"elementor-spacer\">\n\t\t\t<div class=\"elementor-spacer-inner\"><\/div>\n\t\t<\/div>\n\t\t\t\t\t\t<\/div>\n\t\t\t\t<\/div>\n\t\t\t\t\t<\/div>\n\t\t<\/div>\n\t\t\t\t\t<\/div>\n\t\t<\/section>\n\t\t\t\t<section class=\"elementor-section elementor-top-section elementor-element elementor-element-b2de753 elementor-section-boxed elementor-section-height-default elementor-section-height-default sc_fly_static\" data-id=\"b2de753\" data-element_type=\"section\">\n\t\t\t\t\t\t<div class=\"elementor-container elementor-column-gap-extended\">\n\t\t\t\t\t<div class=\"elementor-column elementor-col-100 elementor-top-column elementor-element elementor-element-b3cb740 sc_inner_width_none sc_content_align_inherit sc_layouts_column_icons_position_left sc_fly_static\" data-id=\"b3cb740\" data-element_type=\"column\">\n\t\t\t<div class=\"elementor-widget-wrap elementor-element-populated\">\n\t\t\t\t\t\t<div class=\"elementor-element elementor-element-209b123 sc_height_huge sc_fly_static elementor-widget elementor-widget-spacer\" data-id=\"209b123\" data-element_type=\"widget\" data-widget_type=\"spacer.default\">\n\t\t\t\t<div class=\"elementor-widget-container\">\n\t\t\t\t\t\t\t<div class=\"elementor-spacer\">\n\t\t\t<div class=\"elementor-spacer-inner\"><\/div>\n\t\t<\/div>\n\t\t\t\t\t\t<\/div>\n\t\t\t\t<\/div>\n\t\t\t\t\t<\/div>\n\t\t<\/div>\n\t\t\t\t\t<\/div>\n\t\t<\/section>\n\t\t\t\t<section class=\"elementor-section elementor-top-section elementor-element elementor-element-b940d16 elementor-section-full_width elementor-section-content-middle elementor-section-height-default elementor-section-height-default sc_fly_static\" data-id=\"b940d16\" data-element_type=\"section\" data-settings=\"{&quot;background_background&quot;:&quot;classic&quot;}\">\n\t\t\t\t\t\t<div class=\"elementor-container elementor-column-gap-no\">\n\t\t\t\t\t<div class=\"elementor-column elementor-col-50 elementor-top-column elementor-element elementor-element-6b06fd0 sc_inner_width_none sc_content_align_inherit sc_layouts_column_icons_position_left sc_fly_static\" data-id=\"6b06fd0\" data-element_type=\"column\" data-settings=\"{&quot;background_background&quot;:&quot;classic&quot;}\">\n\t\t\t<div class=\"elementor-widget-wrap elementor-element-populated\">\n\t\t\t\t\t\t<div class=\"elementor-element elementor-element-0b4027b sc_height_huge sc_layouts_hide_on_mobile sc_fly_static elementor-widget elementor-widget-spacer\" data-id=\"0b4027b\" data-element_type=\"widget\" data-widget_type=\"spacer.default\">\n\t\t\t\t<div class=\"elementor-widget-container\">\n\t\t\t\t\t\t\t<div class=\"elementor-spacer\">\n\t\t\t<div class=\"elementor-spacer-inner\"><\/div>\n\t\t<\/div>\n\t\t\t\t\t\t<\/div>\n\t\t\t\t<\/div>\n\t\t\t\t<section class=\"elementor-section elementor-inner-section elementor-element elementor-element-e55ff30 elementor-section-boxed elementor-section-height-default elementor-section-height-default sc_fly_static\" data-id=\"e55ff30\" data-element_type=\"section\" data-settings=\"{&quot;background_background&quot;:&quot;classic&quot;}\">\n\t\t\t\t\t\t<div class=\"elementor-container elementor-column-gap-no\">\n\t\t\t\t\t<div class=\"elementor-column elementor-col-50 elementor-inner-column elementor-element elementor-element-70ec053 sc_inner_width_none sc_content_align_inherit sc_layouts_column_icons_position_left sc_fly_static\" data-id=\"70ec053\" data-element_type=\"column\">\n\t\t\t<div class=\"elementor-widget-wrap elementor-element-populated\">\n\t\t\t\t\t\t<div class=\"elementor-element elementor-element-6b1c7ff no-title sc_fly_static elementor-widget elementor-widget-image\" data-id=\"6b1c7ff\" data-element_type=\"widget\" data-widget_type=\"image.default\">\n\t\t\t\t<div class=\"elementor-widget-container\">\n\t\t\t\t\t\t\t\t\t\t\t\t\t\t\t<img decoding=\"async\" src=\"https:\/\/marina-kastela.hr\/wp-content\/uploads\/elementor\/thumbs\/mega-jahta-101-qjughlmbjrg7xope1mbuk9ti3p8er2w9ekdk4zy1zm.jpg\" title=\"mega-jahta-101\" alt=\"mega-jahta-101\" loading=\"lazy\" \/>\t\t\t\t\t\t\t\t\t\t\t\t\t\t\t<\/div>\n\t\t\t\t<\/div>\n\t\t\t\t\t<\/div>\n\t\t<\/div>\n\t\t\t\t<div class=\"elementor-column elementor-col-50 elementor-inner-column elementor-element elementor-element-e39715f sc_content_align_center sc_inner_width_none sc_layouts_column_icons_position_left sc_fly_static\" data-id=\"e39715f\" data-element_type=\"column\" data-settings=\"{&quot;background_background&quot;:&quot;classic&quot;}\">\n\t\t\t<div class=\"elementor-widget-wrap elementor-element-populated\">\n\t\t\t\t\t\t<div class=\"elementor-element elementor-element-1d73712 elementor-view-stacked elementor-widget__width-auto line-height-0 play_center elementor-shape-circle sc_fly_static elementor-widget elementor-widget-icon\" data-id=\"1d73712\" data-element_type=\"widget\" data-widget_type=\"icon.default\">\n\t\t\t\t<div class=\"elementor-widget-container\">\n\t\t\t\t\t\t\t<div class=\"elementor-icon-wrapper\">\n\t\t\t<a class=\"elementor-icon\" href=\"#elementor-action%3Aaction%3Dlightbox%26settings%3DeyJ0eXBlIjoidmlkZW8iLCJ2aWRlb1R5cGUiOiJ2aW1lbyIsInVybCI6Imh0dHBzOlwvXC9wbGF5ZXIudmltZW8uY29tXC92aWRlb1wvMTA4ODAwMjI0MCN0PSJ9\" target=\"_blank\" rel=\"nofollow\">\n\t\t\t<svg xmlns=\"http:\/\/www.w3.org\/2000\/svg\" width=\"12.24\" height=\"16.583\" viewBox=\"0 0 12.24 16.583\"><path d=\"M17.57,7.966,6.119.07A.395.395,0,0,0,5.5.394V16.188a.395.395,0,0,0,.619.325l11.451-7.9a.395.395,0,0,0,0-.65Z\" transform=\"translate(-5.5 0)\"><\/path><\/svg>\t\t\t<\/a>\n\t\t<\/div>\n\t\t\t\t\t\t<\/div>\n\t\t\t\t<\/div>\n\t\t\t\t\t<\/div>\n\t\t<\/div>\n\t\t\t\t\t<\/div>\n\t\t<\/section>\n\t\t\t\t<div class=\"elementor-element elementor-element-b17d067 sc_height_huge sc_fly_static elementor-widget elementor-widget-spacer\" data-id=\"b17d067\" data-element_type=\"widget\" data-widget_type=\"spacer.default\">\n\t\t\t\t<div class=\"elementor-widget-container\">\n\t\t\t\t\t\t\t<div class=\"elementor-spacer\">\n\t\t\t<div class=\"elementor-spacer-inner\"><\/div>\n\t\t<\/div>\n\t\t\t\t\t\t<\/div>\n\t\t\t\t<\/div>\n\t\t\t\t\t<\/div>\n\t\t<\/div>\n\t\t\t\t<div class=\"elementor-column elementor-col-50 elementor-top-column elementor-element elementor-element-e3730a7 sc_inner_width_1_2 sc_extra_bg_large_right sc-mobile_inner_width_none sc_content_align_inherit sc_layouts_column_icons_position_left sc_fly_static\" data-id=\"e3730a7\" data-element_type=\"column\" data-settings=\"{&quot;background_background&quot;:&quot;classic&quot;}\">\n\t\t\t<div class=\"elementor-widget-wrap elementor-element-populated\">\n\t\t\t\t\t\t<div class=\"elementor-element elementor-element-6adb887 sc_fly_static elementor-widget elementor-widget-trx_sc_title\" data-id=\"6adb887\" data-element_type=\"widget\" data-widget_type=\"trx_sc_title.default\">\n\t\t\t\t<div class=\"elementor-widget-container\">\n\t\t\t\t\t<div\t\tclass=\"sc_title sc_title_default\" ><span class=\"sc_item_subtitle sc_title_subtitle sc_item_subtitle_above sc_item_title_style_default\">Marina Kastela<\/span><h1 class=\"sc_item_title sc_title_title sc_item_title_style_default sc_item_title_tag\"\n\t\t\t><span class=\"sc_item_title_text\">Technisch ausgestattet f\u00fcr den Empfang von <span class=\"accent2\">Mega-Yachten<\/span> <\/span><\/h1><\/div>\t\t\t\t<\/div>\n\t\t\t\t<\/div>\n\t\t\t\t<div class=\"elementor-element elementor-element-59f943a sc_fly_static elementor-widget elementor-widget-spacer\" data-id=\"59f943a\" data-element_type=\"widget\" data-widget_type=\"spacer.default\">\n\t\t\t\t<div class=\"elementor-widget-container\">\n\t\t\t\t\t\t\t<div class=\"elementor-spacer\">\n\t\t\t<div class=\"elementor-spacer-inner\"><\/div>\n\t\t<\/div>\n\t\t\t\t\t\t<\/div>\n\t\t\t\t<\/div>\n\t\t\t\t<div class=\"elementor-element elementor-element-f09a478 sc_fly_static elementor-widget elementor-widget-text-editor\" data-id=\"f09a478\" data-element_type=\"widget\" data-widget_type=\"text-editor.default\">\n\t\t\t\t<div class=\"elementor-widget-container\">\n\t\t\t\t\t\t\t\t\t<p>Marina Ka\u0161tela, die Sie unter den Koordinaten 43\u00b032,7 N 016\u00b023,9 E finden k\u00f6nnen, ist der ideale Hafen f\u00fcr die Aufnahme von Megayachten im Herzen Dalmatiens.<\/p>\n<p>Der 500 Meter lange Wellenbrecher bietet eine Meerestiefe von 8 bis 11 Metern, was perfekt f\u00fcr die beeindruckenden L\u00e4ngen dieser Yachten ist. Die Yachten k\u00f6nnen Strom mit einer Leistung von 32 A; 63A; 125A; 250A; 400A und 800A nutzen.<\/p>\n<p>Ihre strategische Lage im Herzen Dalmatiens, in der N\u00e4he des Flughafens und der luxuri\u00f6sen Urlaubsziele, macht die Marina Ka\u0161tela zu einem idealen Ausgangspunkt f\u00fcr unvergessliche Kreuzfahrten auf der Adria.<\/p>\n\t\t\t\t\t\t\t\t<\/div>\n\t\t\t\t<\/div>\n\t\t\t\t<div class=\"elementor-element elementor-element-9221627 sc_fly_static elementor-widget elementor-widget-spacer\" data-id=\"9221627\" data-element_type=\"widget\" data-widget_type=\"spacer.default\">\n\t\t\t\t<div class=\"elementor-widget-container\">\n\t\t\t\t\t\t\t<div class=\"elementor-spacer\">\n\t\t\t<div class=\"elementor-spacer-inner\"><\/div>\n\t\t<\/div>\n\t\t\t\t\t\t<\/div>\n\t\t\t\t<\/div>\n\t\t\t\t<div class=\"elementor-element elementor-element-9999fdf sc_fly_static elementor-widget elementor-widget-text-editor\" data-id=\"9999fdf\" data-element_type=\"widget\" data-widget_type=\"text-editor.default\">\n\t\t\t\t<div class=\"elementor-widget-container\">\n\t\t\t\t\t\t\t\t\t<ul class=\"trx_addons_list_success\">\n<li>\n<p>Koordinaten: 43\u00b032,7 N 016\u00b023,9 E<\/p>\n<\/li>\n<li>\n<p>L\u00e4nge des Wellenbrechers: 500 Meter<\/p>\n<\/li>\n<li>\n<p>Meerestiefe: 8 bis 11 Meter<\/p>\n<\/li>\n<li>\n<p>Position: im Herzen Dalmatiens<\/p>\n<\/li>\n<\/ul>\n\t\t\t\t\t\t\t\t<\/div>\n\t\t\t\t<\/div>\n\t\t\t\t<div class=\"elementor-element elementor-element-65c220d sc_height_small sc_layouts_hide_on_tablet sc_layouts_hide_on_mobile sc_fly_static elementor-widget elementor-widget-spacer\" data-id=\"65c220d\" data-element_type=\"widget\" data-widget_type=\"spacer.default\">\n\t\t\t\t<div class=\"elementor-widget-container\">\n\t\t\t\t\t\t\t<div class=\"elementor-spacer\">\n\t\t\t<div class=\"elementor-spacer-inner\"><\/div>\n\t\t<\/div>\n\t\t\t\t\t\t<\/div>\n\t\t\t\t<\/div>\n\t\t\t\t<div class=\"elementor-element elementor-element-50feb35 sc_layouts_hide_on_wide sc_layouts_hide_on_desktop sc_layouts_hide_on_notebook sc_fly_static elementor-widget elementor-widget-spacer\" data-id=\"50feb35\" data-element_type=\"widget\" data-widget_type=\"spacer.default\">\n\t\t\t\t<div class=\"elementor-widget-container\">\n\t\t\t\t\t\t\t<div class=\"elementor-spacer\">\n\t\t\t<div class=\"elementor-spacer-inner\"><\/div>\n\t\t<\/div>\n\t\t\t\t\t\t<\/div>\n\t\t\t\t<\/div>\n\t\t\t\t<div class=\"elementor-element elementor-element-0f67f67 sc_fly_static elementor-widget elementor-widget-trx_sc_button\" data-id=\"0f67f67\" data-element_type=\"widget\" data-widget_type=\"trx_sc_button.default\">\n\t\t\t\t<div class=\"elementor-widget-container\">\n\t\t\t\t\t<div\tclass=\"sc_item_button sc_button_wrap\" ><a href=\"https:\/\/marina-kastela.hr\/de\/anfrage-zum-transit-liegeplatz\/\" class=\"sc_button sc_button_default sc_button_size_normal sc_button_icon_left\" ><span class=\"sc_button_text\"><span class=\"sc_button_title\">Anfrage f\u00fcr Transit-Liegepl\u00e4tze<\/span><\/span><\/a><\/div>\t\t\t\t<\/div>\n\t\t\t\t<\/div>\n\t\t\t\t\t<\/div>\n\t\t<\/div>\n\t\t\t\t\t<\/div>\n\t\t<\/section>\n\t\t\t\t<\/div>\n\t\t","protected":false},"excerpt":{"rendered":"<p>Marina Kastela Die ideale Hafenlage zur Aufnahme von Mega-Yachten im Herzen Dalmatiens. Tiefe 8 bis 11 Meter Koordinate 43\u00b0032.745\u00b4N16\u00b0023.903\u00b4E Stromst\u00e4rke Bis zu 800A Marina Kastela Technisch ausgestattet f\u00fcr den Empfang&hellip;<\/p>\n","protected":false},"author":1,"featured_media":0,"parent":0,"menu_order":22,"comment_status":"closed","ping_status":"closed","template":"","meta":{"inline_featured_image":false,"footnotes":""},"class_list":["post-23989","page","type-page","status-publish","hentry"],"_links":{"self":[{"href":"https:\/\/marina-kastela.hr\/de\/wp-json\/wp\/v2\/pages\/23989","targetHints":{"allow":["GET"]}}],"collection":[{"href":"https:\/\/marina-kastela.hr\/de\/wp-json\/wp\/v2\/pages"}],"about":[{"href":"https:\/\/marina-kastela.hr\/de\/wp-json\/wp\/v2\/types\/page"}],"author":[{"embeddable":true,"href":"https:\/\/marina-kastela.hr\/de\/wp-json\/wp\/v2\/users\/1"}],"replies":[{"embeddable":true,"href":"https:\/\/marina-kastela.hr\/de\/wp-json\/wp\/v2\/comments?post=23989"}],"version-history":[{"count":19,"href":"https:\/\/marina-kastela.hr\/de\/wp-json\/wp\/v2\/pages\/23989\/revisions"}],"predecessor-version":[{"id":29816,"href":"https:\/\/marina-kastela.hr\/de\/wp-json\/wp\/v2\/pages\/23989\/revisions\/29816"}],"wp:attachment":[{"href":"https:\/\/marina-kastela.hr\/de\/wp-json\/wp\/v2\/media?parent=23989"}],"curies":[{"name":"wp","href":"https:\/\/api.w.org\/{rel}","templated":true}]}}