{"id":24057,"date":"2024-02-21T07:54:35","date_gmt":"2024-02-21T06:54:35","guid":{"rendered":"https:\/\/marina-kastela.hr\/schwimmbad\/"},"modified":"2026-02-08T23:18:49","modified_gmt":"2026-02-08T22:18:49","slug":"schwimmbad","status":"publish","type":"page","link":"https:\/\/marina-kastela.hr\/de\/schwimmbad\/","title":{"rendered":"Schwimmbad"},"content":{"rendered":"\t\t<div data-elementor-type=\"wp-page\" data-elementor-id=\"24057\" class=\"elementor elementor-24057 elementor-21282\" data-elementor-post-type=\"page\">\n\t\t\t\t\t\t<section class=\"elementor-section elementor-top-section elementor-element elementor-element-fd51a84 elementor-section-boxed elementor-section-height-default elementor-section-height-default sc_fly_static\" data-id=\"fd51a84\" data-element_type=\"section\">\n\t\t\t\t\t\t<div class=\"elementor-container elementor-column-gap-default\">\n\t\t\t\t\t<div class=\"elementor-column elementor-col-100 elementor-top-column elementor-element elementor-element-877c685 sc_inner_width_none sc_content_align_inherit sc_layouts_column_icons_position_left sc_fly_static\" data-id=\"877c685\" data-element_type=\"column\">\n\t\t\t<div class=\"elementor-widget-wrap elementor-element-populated\">\n\t\t\t\t\t\t<div class=\"elementor-element elementor-element-f2bb7d1 sc_height_huge sc_fly_static elementor-widget elementor-widget-spacer\" data-id=\"f2bb7d1\" data-element_type=\"widget\" data-widget_type=\"spacer.default\">\n\t\t\t\t<div class=\"elementor-widget-container\">\n\t\t\t\t\t\t\t<div class=\"elementor-spacer\">\n\t\t\t<div class=\"elementor-spacer-inner\"><\/div>\n\t\t<\/div>\n\t\t\t\t\t\t<\/div>\n\t\t\t\t<\/div>\n\t\t\t\t<section class=\"elementor-section elementor-inner-section elementor-element elementor-element-d16eab4 sc_layouts_hide_on_tablet sc_layouts_hide_on_mobile elementor-section-boxed elementor-section-height-default elementor-section-height-default sc_fly_static\" data-id=\"d16eab4\" data-element_type=\"section\">\n\t\t\t\t\t\t<div class=\"elementor-container elementor-column-gap-no\">\n\t\t\t\t\t<div class=\"elementor-column elementor-col-50 elementor-inner-column elementor-element elementor-element-fcbbf7b sc_inner_width_none sc_content_align_inherit sc_layouts_column_icons_position_left sc_fly_static\" data-id=\"fcbbf7b\" data-element_type=\"column\">\n\t\t\t<div class=\"elementor-widget-wrap\">\n\t\t\t\t\t\t\t<\/div>\n\t\t<\/div>\n\t\t\t\t<div class=\"elementor-column elementor-col-50 elementor-inner-column elementor-element elementor-element-66ab6fd sc_inner_width_none sc_content_align_inherit sc_layouts_column_icons_position_left sc_fly_static\" data-id=\"66ab6fd\" data-element_type=\"column\">\n\t\t\t<div class=\"elementor-widget-wrap\">\n\t\t\t\t\t\t\t<\/div>\n\t\t<\/div>\n\t\t\t\t\t<\/div>\n\t\t<\/section>\n\t\t\t\t<div class=\"elementor-element elementor-element-8047312 sc_layouts_hide_on_tablet sc_layouts_hide_on_mobile sc_fly_static elementor-widget elementor-widget-spacer\" data-id=\"8047312\" data-element_type=\"widget\" data-widget_type=\"spacer.default\">\n\t\t\t\t<div class=\"elementor-widget-container\">\n\t\t\t\t\t\t\t<div class=\"elementor-spacer\">\n\t\t\t<div class=\"elementor-spacer-inner\"><\/div>\n\t\t<\/div>\n\t\t\t\t\t\t<\/div>\n\t\t\t\t<\/div>\n\t\t\t\t<section class=\"elementor-section elementor-inner-section elementor-element elementor-element-120dabe elementor-section-boxed elementor-section-height-default elementor-section-height-default sc_fly_static\" data-id=\"120dabe\" data-element_type=\"section\">\n\t\t\t\t\t\t<div class=\"elementor-container elementor-column-gap-no\">\n\t\t\t\t\t<div class=\"elementor-column elementor-col-33 elementor-inner-column elementor-element elementor-element-c43284a sc_inner_width_none sc_content_align_inherit sc_layouts_column_icons_position_left sc_fly_static\" data-id=\"c43284a\" data-element_type=\"column\">\n\t\t\t<div class=\"elementor-widget-wrap elementor-element-populated\">\n\t\t\t\t\t\t<div data-parallax-params=\"{&quot;parallax&quot;:1,&quot;flow&quot;:&quot;entrance&quot;,&quot;crop&quot;:&quot;none&quot;,&quot;ease&quot;:&quot;power1&quot;,&quot;duration&quot;:0.5,&quot;delay&quot;:0,&quot;squeeze&quot;:1,&quot;text&quot;:&quot;block&quot;,&quot;text_separate&quot;:0,&quot;text_wrap&quot;:0,&quot;mouse&quot;:0,&quot;mouse_type&quot;:&quot;transform3d&quot;,&quot;mouse_tilt_amount&quot;:70,&quot;mouse_speed&quot;:10,&quot;mouse_z&quot;:&quot;&quot;,&quot;mouse_handler&quot;:&quot;row&quot;,&quot;range_start&quot;:0,&quot;range_end&quot;:30,&quot;sticky_offset&quot;:0,&quot;lag&quot;:0,&quot;x_start&quot;:-20,&quot;x_start_unit&quot;:&quot;px&quot;,&quot;x_end&quot;:0,&quot;x_end_unit&quot;:&quot;px&quot;,&quot;y_start&quot;:0,&quot;y_start_unit&quot;:&quot;px&quot;,&quot;y_end&quot;:0,&quot;y_end_unit&quot;:&quot;px&quot;,&quot;scale_start&quot;:100,&quot;scale_end&quot;:100,&quot;rotate_start&quot;:0,&quot;rotate_end&quot;:0,&quot;opacity_start&quot;:0,&quot;opacity_end&quot;:1,&quot;crop_start&quot;:0,&quot;crop_end&quot;:100}\" class=\"elementor-element elementor-element-7160c8b sc_parallax sc_parallax_entrance sc_fly_static elementor-widget elementor-widget-trx_sc_title\" data-id=\"7160c8b\" data-element_type=\"widget\" data-widget_type=\"trx_sc_title.default\">\n\t\t\t\t<div class=\"elementor-widget-container\">\n\t\t\t\t\t<div\t\tclass=\"sc_title sc_title_default\" ><span class=\"sc_item_subtitle sc_title_subtitle sc_item_subtitle_above sc_item_title_style_default\">Marina Kastela<\/span><h1 class=\"sc_item_title sc_title_title sc_item_title_style_default sc_item_title_tag\"\n\t\t\t><span class=\"sc_item_title_text\">POOL MIT AUSBLICK<\/span><\/h1><\/div>\t\t\t\t<\/div>\n\t\t\t\t<\/div>\n\t\t\t\t<div class=\"elementor-element elementor-element-e789c9f sc_fly_static elementor-widget elementor-widget-spacer\" data-id=\"e789c9f\" data-element_type=\"widget\" data-widget_type=\"spacer.default\">\n\t\t\t\t<div class=\"elementor-widget-container\">\n\t\t\t\t\t\t\t<div class=\"elementor-spacer\">\n\t\t\t<div class=\"elementor-spacer-inner\"><\/div>\n\t\t<\/div>\n\t\t\t\t\t\t<\/div>\n\t\t\t\t<\/div>\n\t\t\t\t<div data-parallax-params=\"{&quot;parallax&quot;:1,&quot;flow&quot;:&quot;entrance&quot;,&quot;crop&quot;:&quot;none&quot;,&quot;ease&quot;:&quot;power1&quot;,&quot;duration&quot;:0.5,&quot;delay&quot;:0,&quot;squeeze&quot;:1,&quot;text&quot;:&quot;block&quot;,&quot;text_separate&quot;:0,&quot;text_wrap&quot;:0,&quot;mouse&quot;:0,&quot;mouse_type&quot;:&quot;transform3d&quot;,&quot;mouse_tilt_amount&quot;:70,&quot;mouse_speed&quot;:10,&quot;mouse_z&quot;:&quot;&quot;,&quot;mouse_handler&quot;:&quot;row&quot;,&quot;range_start&quot;:0,&quot;range_end&quot;:30,&quot;sticky_offset&quot;:0,&quot;lag&quot;:0,&quot;x_start&quot;:-20,&quot;x_start_unit&quot;:&quot;px&quot;,&quot;x_end&quot;:0,&quot;x_end_unit&quot;:&quot;px&quot;,&quot;y_start&quot;:0,&quot;y_start_unit&quot;:&quot;px&quot;,&quot;y_end&quot;:0,&quot;y_end_unit&quot;:&quot;px&quot;,&quot;scale_start&quot;:100,&quot;scale_end&quot;:100,&quot;rotate_start&quot;:0,&quot;rotate_end&quot;:0,&quot;opacity_start&quot;:0,&quot;opacity_end&quot;:1,&quot;crop_start&quot;:0,&quot;crop_end&quot;:100}\" class=\"elementor-element elementor-element-dbade33 sc_parallax sc_parallax_entrance sc_fly_static elementor-widget elementor-widget-text-editor\" data-id=\"dbade33\" data-element_type=\"widget\" data-widget_type=\"text-editor.default\">\n\t\t\t\t<div class=\"elementor-widget-container\">\n\t\t\t\t\t\t\t\t\t<p>Die Anlage mit Innenpool &#8211; Sportbad &#8211; ist sowohl f\u00fcr Fitnessfans als auch f\u00fcr Freizeitschwimmer geeignet und befindet sich im Herzen der Marina Ka\u0161tela.<\/p>\t\t\t\t\t\t\t\t<\/div>\n\t\t\t\t<\/div>\n\t\t\t\t<div class=\"elementor-element elementor-element-ee1270e sc_height_medium sc_fly_static elementor-widget elementor-widget-spacer\" data-id=\"ee1270e\" data-element_type=\"widget\" data-widget_type=\"spacer.default\">\n\t\t\t\t<div class=\"elementor-widget-container\">\n\t\t\t\t\t\t\t<div class=\"elementor-spacer\">\n\t\t\t<div class=\"elementor-spacer-inner\"><\/div>\n\t\t<\/div>\n\t\t\t\t\t\t<\/div>\n\t\t\t\t<\/div>\n\t\t\t\t<div class=\"elementor-element elementor-element-c4e9b7c elementor-widget__width-initial sc_fly_static elementor-widget elementor-widget-image\" data-id=\"c4e9b7c\" data-element_type=\"widget\" data-widget_type=\"image.default\">\n\t\t\t\t<div class=\"elementor-widget-container\">\n\t\t\t\t\t\t\t\t\t\t\t\t\t\t\t<img decoding=\"async\" width=\"150\" height=\"150\" src=\"https:\/\/marina-kastela.hr\/wp-content\/uploads\/2024\/06\/recepcija2-150x150-1.jpg\" class=\"attachment-thumbnail size-thumbnail wp-image-25257\" alt=\"\" srcset=\"https:\/\/marina-kastela.hr\/wp-content\/uploads\/2024\/06\/recepcija2-150x150-1.jpg 150w, https:\/\/marina-kastela.hr\/wp-content\/uploads\/2024\/06\/recepcija2-150x150-1-120x120.jpg 120w\" sizes=\"(max-width: 150px) 100vw, 150px\" \/>\t\t\t\t\t\t\t\t\t\t\t\t\t\t\t<\/div>\n\t\t\t\t<\/div>\n\t\t\t\t<div class=\"elementor-element elementor-element-04b63c4 elementor-widget__width-auto sc_fly_static elementor-widget elementor-widget-trx_sc_title\" data-id=\"04b63c4\" data-element_type=\"widget\" data-widget_type=\"trx_sc_title.default\">\n\t\t\t\t<div class=\"elementor-widget-container\">\n\t\t\t\t\t<div\t\tclass=\"sc_title sc_title_default\" ><h5 class=\"sc_item_title sc_title_title sc_item_title_style_default sc_item_title_tag\"\n\t\t\t><span class=\"sc_item_title_text\"><a href=\"tel:+38521204025\">Tel: +385 21 204 025<\/a><\/span><\/h5><span class=\"sc_item_subtitle sc_title_subtitle sc_item_subtitle_below sc_item_title_style_default\">Empfangsbereich des Schwimmbads<\/span><\/div>\t\t\t\t<\/div>\n\t\t\t\t<\/div>\n\t\t\t\t<div class=\"elementor-element elementor-element-3c7eedf sc_height_medium sc_layouts_hide_on_mobile sc_layouts_hide_on_wide sc_layouts_hide_on_desktop sc_layouts_hide_on_notebook sc_fly_static elementor-widget elementor-widget-spacer\" data-id=\"3c7eedf\" data-element_type=\"widget\" data-widget_type=\"spacer.default\">\n\t\t\t\t<div class=\"elementor-widget-container\">\n\t\t\t\t\t\t\t<div class=\"elementor-spacer\">\n\t\t\t<div class=\"elementor-spacer-inner\"><\/div>\n\t\t<\/div>\n\t\t\t\t\t\t<\/div>\n\t\t\t\t<\/div>\n\t\t\t\t\t<\/div>\n\t\t<\/div>\n\t\t\t\t<div class=\"elementor-column elementor-col-33 elementor-inner-column elementor-element elementor-element-4e6332e sc_inner_width_none sc_content_align_inherit sc_layouts_column_icons_position_left sc_fly_static\" data-id=\"4e6332e\" data-element_type=\"column\">\n\t\t\t<div class=\"elementor-widget-wrap elementor-element-populated\">\n\t\t\t\t\t\t<div class=\"elementor-element elementor-element-e25ffb2 sc_fly_static elementor-widget elementor-widget-text-editor\" data-id=\"e25ffb2\" data-element_type=\"widget\" data-widget_type=\"text-editor.default\">\n\t\t\t\t<div class=\"elementor-widget-container\">\n\t\t\t\t\t\t\t\t\t<p><span class=\"trx_addons_dropcap trx_addons_dropcap_style_2\">D<\/span><\/p><p>as moderne Geb\u00e4ude mit Glasfassade ist das ganze Jahr \u00fcber ein idealer Ort f\u00fcr famili\u00e4res Beisammensein aber auch f\u00fcr ernsthafte Trainings. Das Sportbad ist f\u00fcr G\u00e4ste der Marina Ka\u0161tela, f\u00fcr Sportvereine und f\u00fcr die \u00d6ffentlichkeit zug\u00e4nglich.<\/p><p>Es ist 25 m lang und verf\u00fcgt \u00fcber 6 Schwimmbahnen. Die Wassertiefe liegt zwischen 1,55 m und 2,55 m, bei einer Wassertemperatur von 27 \u00b0C. F\u00fcr unsere j\u00fcngsten Besucher gibt es ein eigenes Kinderplanschbecken.<\/p><p>Die Nutzung des Pools k\u00f6nnen Sie direkt am Eingang bezahlen oder sich auch f\u00fcr eines unserer Monatspakete entscheiden. F\u00fcr die Nutzer des privaten Jahresliegeplatzes in der Marina ist die Nutzung des Pools kostenfrei. <\/p>\t\t\t\t\t\t\t\t<\/div>\n\t\t\t\t<\/div>\n\t\t\t\t<div class=\"elementor-element elementor-element-1fff290 sc_layouts_hide_on_wide sc_layouts_hide_on_desktop sc_layouts_hide_on_notebook sc_fly_static elementor-widget elementor-widget-spacer\" data-id=\"1fff290\" data-element_type=\"widget\" data-widget_type=\"spacer.default\">\n\t\t\t\t<div class=\"elementor-widget-container\">\n\t\t\t\t\t\t\t<div class=\"elementor-spacer\">\n\t\t\t<div class=\"elementor-spacer-inner\"><\/div>\n\t\t<\/div>\n\t\t\t\t\t\t<\/div>\n\t\t\t\t<\/div>\n\t\t\t\t\t<\/div>\n\t\t<\/div>\n\t\t\t\t<div class=\"elementor-column elementor-col-33 elementor-inner-column elementor-element elementor-element-8655f85 sc_inner_width_none sc_content_align_inherit sc_layouts_column_icons_position_left sc_fly_static\" data-id=\"8655f85\" data-element_type=\"column\">\n\t\t\t<div class=\"elementor-widget-wrap elementor-element-populated\">\n\t\t\t\t\t\t<div class=\"elementor-element elementor-element-351042b elementor-align-left elementor-icon-list--layout-traditional elementor-list-item-link-full_width sc_fly_static elementor-widget elementor-widget-icon-list\" data-id=\"351042b\" data-element_type=\"widget\" data-widget_type=\"icon-list.default\">\n\t\t\t\t<div class=\"elementor-widget-container\">\n\t\t\t\t\t\t\t<ul class=\"elementor-icon-list-items\">\n\t\t\t\t\t\t\t<li class=\"elementor-icon-list-item\">\n\t\t\t\t\t\t\t\t\t\t\t<a href=\"\/wp-content\/uploads\/2026\/02\/bazen_cjenik.pdf\" target=\"_blank\">\n\n\t\t\t\t\t\t\t\t\t\t\t\t<span class=\"elementor-icon-list-icon\">\n\t\t\t\t\t\t\t<i aria-hidden=\"true\" class=\"fas fa-check\"><\/i>\t\t\t\t\t\t<\/span>\n\t\t\t\t\t\t\t\t\t\t<span class=\"elementor-icon-list-text\">PREISLISTE F\u00dcR POOL-SERVICES<\/span>\n\t\t\t\t\t\t\t\t\t\t\t<\/a>\n\t\t\t\t\t\t\t\t\t<\/li>\n\t\t\t\t\t\t\t\t<li class=\"elementor-icon-list-item\">\n\t\t\t\t\t\t\t\t\t\t\t<a href=\"\/wp-content\/uploads\/2024\/09\/Bazen-pravilnik-NJEMACKI.pdf\">\n\n\t\t\t\t\t\t\t\t\t\t\t\t<span class=\"elementor-icon-list-icon\">\n\t\t\t\t\t\t\t<i aria-hidden=\"true\" class=\"fas fa-check\"><\/i>\t\t\t\t\t\t<\/span>\n\t\t\t\t\t\t\t\t\t\t<span class=\"elementor-icon-list-text\">VERHALTENSREGELN IM SCHWIMMBADBEREICH<\/span>\n\t\t\t\t\t\t\t\t\t\t\t<\/a>\n\t\t\t\t\t\t\t\t\t<\/li>\n\t\t\t\t\t\t<\/ul>\n\t\t\t\t\t\t<\/div>\n\t\t\t\t<\/div>\n\t\t\t\t<div class=\"elementor-element elementor-element-19df60f sc_fly_static elementor-widget elementor-widget-text-editor\" data-id=\"19df60f\" data-element_type=\"widget\" data-widget_type=\"text-editor.default\">\n\t\t\t\t<div class=\"elementor-widget-container\">\n\t\t\t\t\t\t\t\t\t<p><strong><em>Hinweis:<\/em><\/strong><em> Bei erstmaliger Anmeldung f\u00fcr Monats- und Halbjahrespakete ist eine Bargeldkaution in H\u00f6he von 18,00 \u20ac f\u00fcr Armb\u00e4nder erforderlich. Alle Poolnutzer mit monatlichen und halbj\u00e4hrlichen Prepaid-Paketen haben Anspruch auf freien Eintritt zum Pool f\u00fcr jeweils ein Kind unter acht Jahren. <\/em><\/p>\t\t\t\t\t\t\t\t<\/div>\n\t\t\t\t<\/div>\n\t\t\t\t<div class=\"elementor-element elementor-element-6ff2a4c sc_fly_static elementor-widget elementor-widget-text-editor\" data-id=\"6ff2a4c\" data-element_type=\"widget\" data-widget_type=\"text-editor.default\">\n\t\t\t\t<div class=\"elementor-widget-container\">\n\t\t\t\t\t\t\t\t\t<p><a href=\"https:\/\/marina-kastela.hr\/de\/portfolio\/schwimmbad\/\"><strong>\u00d6FFNUNGSZEITEN<\/strong><\/a><\/p>\t\t\t\t\t\t\t\t<\/div>\n\t\t\t\t<\/div>\n\t\t\t\t<div class=\"elementor-element elementor-element-c23a8f4 sc_fly_static elementor-widget elementor-widget-text-editor\" data-id=\"c23a8f4\" data-element_type=\"widget\" data-widget_type=\"text-editor.default\">\n\t\t\t\t<div class=\"elementor-widget-container\">\n\t\t\t\t\t\t\t\t\t<p><strong><u>Kontakt<\/u><\/strong><\/p><p>Tel: +385 21 204 025<br>E-mail: <a href=\"mailto:bazen@marina-kastela.hr\">bazen@marina-kastela.hr<\/a><\/p>\t\t\t\t\t\t\t\t<\/div>\n\t\t\t\t<\/div>\n\t\t\t\t\t<\/div>\n\t\t<\/div>\n\t\t\t\t\t<\/div>\n\t\t<\/section>\n\t\t\t\t<div class=\"elementor-element elementor-element-a0d6567 sc_height_huge sc_fly_static elementor-widget elementor-widget-spacer\" data-id=\"a0d6567\" data-element_type=\"widget\" data-widget_type=\"spacer.default\">\n\t\t\t\t<div class=\"elementor-widget-container\">\n\t\t\t\t\t\t\t<div class=\"elementor-spacer\">\n\t\t\t<div class=\"elementor-spacer-inner\"><\/div>\n\t\t<\/div>\n\t\t\t\t\t\t<\/div>\n\t\t\t\t<\/div>\n\t\t\t\t\t<\/div>\n\t\t<\/div>\n\t\t\t\t\t<\/div>\n\t\t<\/section>\n\t\t\t\t<section class=\"elementor-section elementor-top-section elementor-element elementor-element-4aab1ca elementor-section-boxed elementor-section-height-default elementor-section-height-default sc_fly_static\" data-id=\"4aab1ca\" data-element_type=\"section\">\n\t\t\t\t\t\t<div class=\"elementor-container elementor-column-gap-extended\">\n\t\t\t\t\t<div class=\"elementor-column elementor-col-100 elementor-top-column elementor-element elementor-element-eae83bd sc_inner_width_none sc_content_align_inherit sc_layouts_column_icons_position_left sc_fly_static\" data-id=\"eae83bd\" data-element_type=\"column\">\n\t\t\t<div class=\"elementor-widget-wrap elementor-element-populated\">\n\t\t\t\t\t\t<div class=\"elementor-element elementor-element-857975f sc_fly_static elementor-widget elementor-widget-image-gallery\" data-id=\"857975f\" data-element_type=\"widget\" data-widget_type=\"image-gallery.default\">\n\t\t\t\t<div class=\"elementor-widget-container\">\n\t\t\t\t\t\t\t<div class=\"elementor-image-gallery\">\n\t\t\t<div id='gallery-1' class='gallery galleryid-24057 gallery-columns-2 gallery-size-large'><figure class='gallery-item'>\n\t\t\t<div class='gallery-icon landscape'>\n\t\t\t\t<a data-elementor-open-lightbox=\"yes\" data-elementor-lightbox-slideshow=\"857975f\" data-elementor-lightbox-title=\"bazen-001\" data-e-action-hash=\"#elementor-action%3Aaction%3Dlightbox%26settings%3DeyJpZCI6MjI5ODMsInVybCI6Imh0dHBzOlwvXC9tYXJpbmEta2FzdGVsYS5oclwvd3AtY29udGVudFwvdXBsb2Fkc1wvMjAyNFwvMDNcL2JhemVuLTAwMS5qcGciLCJzbGlkZXNob3ciOiI4NTc5NzVmIn0%3D\" href='https:\/\/marina-kastela.hr\/wp-content\/uploads\/2024\/03\/bazen-001.jpg'><img fetchpriority=\"high\" decoding=\"async\" width=\"1024\" height=\"683\" src=\"https:\/\/marina-kastela.hr\/wp-content\/uploads\/2024\/03\/bazen-001-1024x683.jpg\" class=\"attachment-large size-large\" alt=\"\" srcset=\"https:\/\/marina-kastela.hr\/wp-content\/uploads\/2024\/03\/bazen-001-1024x683.jpg 1024w, https:\/\/marina-kastela.hr\/wp-content\/uploads\/2024\/03\/bazen-001-300x200.jpg 300w, https:\/\/marina-kastela.hr\/wp-content\/uploads\/2024\/03\/bazen-001-768x512.jpg 768w, https:\/\/marina-kastela.hr\/wp-content\/uploads\/2024\/03\/bazen-001-1536x1024.jpg 1536w, https:\/\/marina-kastela.hr\/wp-content\/uploads\/2024\/03\/bazen-001-370x247.jpg 370w, https:\/\/marina-kastela.hr\/wp-content\/uploads\/2024\/03\/bazen-001-840x560.jpg 840w, https:\/\/marina-kastela.hr\/wp-content\/uploads\/2024\/03\/bazen-001-410x273.jpg 410w, https:\/\/marina-kastela.hr\/wp-content\/uploads\/2024\/03\/bazen-001.jpg 1620w\" sizes=\"(max-width: 1024px) 100vw, 1024px\" \/><\/a>\n\t\t\t<\/div><\/figure><figure class='gallery-item'>\n\t\t\t<div class='gallery-icon landscape'>\n\t\t\t\t<a data-elementor-open-lightbox=\"yes\" data-elementor-lightbox-slideshow=\"857975f\" data-elementor-lightbox-title=\"bazen2-1\" data-e-action-hash=\"#elementor-action%3Aaction%3Dlightbox%26settings%3DeyJpZCI6MjUyNjAsInVybCI6Imh0dHBzOlwvXC9tYXJpbmEta2FzdGVsYS5oclwvd3AtY29udGVudFwvdXBsb2Fkc1wvMjAyNFwvMDZcL2JhemVuMi0xLmpwZyIsInNsaWRlc2hvdyI6Ijg1Nzk3NWYifQ%3D%3D\" href='https:\/\/marina-kastela.hr\/wp-content\/uploads\/2024\/06\/bazen2-1.jpg'><img decoding=\"async\" width=\"1024\" height=\"683\" src=\"https:\/\/marina-kastela.hr\/wp-content\/uploads\/2024\/06\/bazen2-1-1024x683.jpg\" class=\"attachment-large size-large\" alt=\"\" srcset=\"https:\/\/marina-kastela.hr\/wp-content\/uploads\/2024\/06\/bazen2-1-1024x683.jpg 1024w, https:\/\/marina-kastela.hr\/wp-content\/uploads\/2024\/06\/bazen2-1-300x200.jpg 300w, https:\/\/marina-kastela.hr\/wp-content\/uploads\/2024\/06\/bazen2-1-768x512.jpg 768w, https:\/\/marina-kastela.hr\/wp-content\/uploads\/2024\/06\/bazen2-1-1536x1024.jpg 1536w, https:\/\/marina-kastela.hr\/wp-content\/uploads\/2024\/06\/bazen2-1-370x247.jpg 370w, https:\/\/marina-kastela.hr\/wp-content\/uploads\/2024\/06\/bazen2-1-840x560.jpg 840w, https:\/\/marina-kastela.hr\/wp-content\/uploads\/2024\/06\/bazen2-1-410x273.jpg 410w, https:\/\/marina-kastela.hr\/wp-content\/uploads\/2024\/06\/bazen2-1.jpg 1620w\" sizes=\"(max-width: 1024px) 100vw, 1024px\" \/><\/a>\n\t\t\t<\/div><\/figure><figure class='gallery-item'>\n\t\t\t<div class='gallery-icon landscape'>\n\t\t\t\t<a data-elementor-open-lightbox=\"yes\" data-elementor-lightbox-slideshow=\"857975f\" data-elementor-lightbox-title=\"bazen3\" data-e-action-hash=\"#elementor-action%3Aaction%3Dlightbox%26settings%3DeyJpZCI6MjI3NDcsInVybCI6Imh0dHBzOlwvXC9tYXJpbmEta2FzdGVsYS5oclwvd3AtY29udGVudFwvdXBsb2Fkc1wvMjAyNFwvMDJcL2JhemVuMy5qcGciLCJzbGlkZXNob3ciOiI4NTc5NzVmIn0%3D\" href='https:\/\/marina-kastela.hr\/wp-content\/uploads\/2024\/02\/bazen3.jpg'><img loading=\"lazy\" decoding=\"async\" width=\"1024\" height=\"683\" src=\"https:\/\/marina-kastela.hr\/wp-content\/uploads\/2024\/02\/bazen3-1024x683.jpg\" class=\"attachment-large size-large\" alt=\"\" srcset=\"https:\/\/marina-kastela.hr\/wp-content\/uploads\/2024\/02\/bazen3-1024x683.jpg 1024w, https:\/\/marina-kastela.hr\/wp-content\/uploads\/2024\/02\/bazen3-300x200.jpg 300w, https:\/\/marina-kastela.hr\/wp-content\/uploads\/2024\/02\/bazen3-768x512.jpg 768w, https:\/\/marina-kastela.hr\/wp-content\/uploads\/2024\/02\/bazen3-1536x1024.jpg 1536w, https:\/\/marina-kastela.hr\/wp-content\/uploads\/2024\/02\/bazen3-370x247.jpg 370w, https:\/\/marina-kastela.hr\/wp-content\/uploads\/2024\/02\/bazen3-840x560.jpg 840w, https:\/\/marina-kastela.hr\/wp-content\/uploads\/2024\/02\/bazen3-410x273.jpg 410w, https:\/\/marina-kastela.hr\/wp-content\/uploads\/2024\/02\/bazen3.jpg 1620w\" sizes=\"(max-width: 1024px) 100vw, 1024px\" \/><\/a>\n\t\t\t<\/div><\/figure><figure class='gallery-item'>\n\t\t\t<div class='gallery-icon landscape'>\n\t\t\t\t<a data-elementor-open-lightbox=\"yes\" data-elementor-lightbox-slideshow=\"857975f\" data-elementor-lightbox-title=\"bazen4\" data-e-action-hash=\"#elementor-action%3Aaction%3Dlightbox%26settings%3DeyJpZCI6MjI3NDksInVybCI6Imh0dHBzOlwvXC9tYXJpbmEta2FzdGVsYS5oclwvd3AtY29udGVudFwvdXBsb2Fkc1wvMjAyNFwvMDJcL2JhemVuNC5qcGciLCJzbGlkZXNob3ciOiI4NTc5NzVmIn0%3D\" href='https:\/\/marina-kastela.hr\/wp-content\/uploads\/2024\/02\/bazen4.jpg'><img loading=\"lazy\" decoding=\"async\" width=\"1024\" height=\"683\" src=\"https:\/\/marina-kastela.hr\/wp-content\/uploads\/2024\/02\/bazen4-1024x683.jpg\" class=\"attachment-large size-large\" alt=\"\" srcset=\"https:\/\/marina-kastela.hr\/wp-content\/uploads\/2024\/02\/bazen4-1024x683.jpg 1024w, https:\/\/marina-kastela.hr\/wp-content\/uploads\/2024\/02\/bazen4-300x200.jpg 300w, https:\/\/marina-kastela.hr\/wp-content\/uploads\/2024\/02\/bazen4-768x512.jpg 768w, https:\/\/marina-kastela.hr\/wp-content\/uploads\/2024\/02\/bazen4-1536x1024.jpg 1536w, https:\/\/marina-kastela.hr\/wp-content\/uploads\/2024\/02\/bazen4-370x247.jpg 370w, https:\/\/marina-kastela.hr\/wp-content\/uploads\/2024\/02\/bazen4-840x560.jpg 840w, https:\/\/marina-kastela.hr\/wp-content\/uploads\/2024\/02\/bazen4-410x273.jpg 410w, https:\/\/marina-kastela.hr\/wp-content\/uploads\/2024\/02\/bazen4.jpg 1620w\" sizes=\"(max-width: 1024px) 100vw, 1024px\" \/><\/a>\n\t\t\t<\/div><\/figure>\n\t\t<\/div>\n\t\t<\/div>\n\t\t\t\t\t\t<\/div>\n\t\t\t\t<\/div>\n\t\t\t\t\t<\/div>\n\t\t<\/div>\n\t\t\t\t\t<\/div>\n\t\t<\/section>\n\t\t\t\t<section class=\"elementor-section elementor-top-section elementor-element elementor-element-4edf8c0 scheme_light elementor-section-boxed elementor-section-height-default elementor-section-height-default sc_fly_static\" data-id=\"4edf8c0\" data-element_type=\"section\" data-settings=\"{&quot;background_background&quot;:&quot;classic&quot;}\">\n\t\t\t\t\t\t<div class=\"elementor-container elementor-column-gap-extended\">\n\t\t\t\t\t<div class=\"elementor-column elementor-col-100 elementor-top-column elementor-element elementor-element-247e3f5 sc_inner_width_none sc_content_align_inherit sc_layouts_column_icons_position_left sc_fly_static\" data-id=\"247e3f5\" data-element_type=\"column\">\n\t\t\t<div class=\"elementor-widget-wrap elementor-element-populated\">\n\t\t\t\t\t\t<div class=\"elementor-element elementor-element-f15cc13 sc_height_huge sc_fly_static elementor-widget elementor-widget-spacer\" data-id=\"f15cc13\" data-element_type=\"widget\" data-widget_type=\"spacer.default\">\n\t\t\t\t<div class=\"elementor-widget-container\">\n\t\t\t\t\t\t\t<div class=\"elementor-spacer\">\n\t\t\t<div class=\"elementor-spacer-inner\"><\/div>\n\t\t<\/div>\n\t\t\t\t\t\t<\/div>\n\t\t\t\t<\/div>\n\t\t\t\t\t<\/div>\n\t\t<\/div>\n\t\t\t\t\t<\/div>\n\t\t<\/section>\n\t\t\t\t<section class=\"elementor-section elementor-top-section elementor-element elementor-element-af36a2a elementor-section-boxed elementor-section-height-default elementor-section-height-default sc_fly_static\" data-id=\"af36a2a\" data-element_type=\"section\">\n\t\t\t\t\t\t<div class=\"elementor-container elementor-column-gap-extended\">\n\t\t\t\t\t<div class=\"elementor-column elementor-col-100 elementor-top-column elementor-element elementor-element-38e9c77 sc_inner_width_none sc_content_align_inherit sc_layouts_column_icons_position_left sc_fly_static\" data-id=\"38e9c77\" data-element_type=\"column\">\n\t\t\t<div class=\"elementor-widget-wrap\">\n\t\t\t\t\t\t\t<\/div>\n\t\t<\/div>\n\t\t\t\t\t<\/div>\n\t\t<\/section>\n\t\t\t\t<\/div>\n\t\t","protected":false},"excerpt":{"rendered":"<p>Marina Kastela POOL MIT AUSBLICK Die Anlage mit Innenpool &#8211; Sportbad &#8211; ist sowohl f\u00fcr Fitnessfans als auch f\u00fcr Freizeitschwimmer geeignet und befindet sich im Herzen der Marina Ka\u0161tela. Tel:&hellip;<\/p>\n","protected":false},"author":1,"featured_media":0,"parent":0,"menu_order":24,"comment_status":"closed","ping_status":"closed","template":"","meta":{"inline_featured_image":false,"footnotes":""},"class_list":["post-24057","page","type-page","status-publish","hentry"],"_links":{"self":[{"href":"https:\/\/marina-kastela.hr\/de\/wp-json\/wp\/v2\/pages\/24057","targetHints":{"allow":["GET"]}}],"collection":[{"href":"https:\/\/marina-kastela.hr\/de\/wp-json\/wp\/v2\/pages"}],"about":[{"href":"https:\/\/marina-kastela.hr\/de\/wp-json\/wp\/v2\/types\/page"}],"author":[{"embeddable":true,"href":"https:\/\/marina-kastela.hr\/de\/wp-json\/wp\/v2\/users\/1"}],"replies":[{"embeddable":true,"href":"https:\/\/marina-kastela.hr\/de\/wp-json\/wp\/v2\/comments?post=24057"}],"version-history":[{"count":33,"href":"https:\/\/marina-kastela.hr\/de\/wp-json\/wp\/v2\/pages\/24057\/revisions"}],"predecessor-version":[{"id":30473,"href":"https:\/\/marina-kastela.hr\/de\/wp-json\/wp\/v2\/pages\/24057\/revisions\/30473"}],"wp:attachment":[{"href":"https:\/\/marina-kastela.hr\/de\/wp-json\/wp\/v2\/media?parent=24057"}],"curies":[{"name":"wp","href":"https:\/\/api.w.org\/{rel}","templated":true}]}}