{"id":24097,"date":"2024-03-12T14:51:42","date_gmt":"2024-03-12T13:51:42","guid":{"rendered":"https:\/\/marina-kastela.hr\/hochzeiten\/"},"modified":"2025-05-27T13:49:06","modified_gmt":"2025-05-27T12:49:06","slug":"hochzeiten","status":"publish","type":"page","link":"https:\/\/marina-kastela.hr\/de\/hochzeiten\/","title":{"rendered":"Hochzeiten"},"content":{"rendered":"\t\t<div data-elementor-type=\"wp-page\" data-elementor-id=\"24097\" class=\"elementor elementor-24097 elementor-21664\" data-elementor-post-type=\"page\">\n\t\t\t\t\t\t<section class=\"elementor-section elementor-top-section elementor-element elementor-element-e25bfdc sc_layouts_hide_on_desktop sc_layouts_hide_on_notebook sc_layouts_hide_on_tablet sc_layouts_hide_on_mobile sc_layouts_hide_on_wide elementor-section-boxed elementor-section-height-default elementor-section-height-default sc_fly_static\" data-id=\"e25bfdc\" data-element_type=\"section\">\n\t\t\t\t\t\t<div class=\"elementor-container elementor-column-gap-extended\">\n\t\t\t\t\t<div class=\"elementor-column elementor-col-100 elementor-top-column elementor-element elementor-element-04eb5bf sc_inner_width_none sc_content_align_inherit sc_layouts_column_icons_position_left sc_fly_static\" data-id=\"04eb5bf\" data-element_type=\"column\">\n\t\t\t<div class=\"elementor-widget-wrap elementor-element-populated\">\n\t\t\t\t\t\t<div class=\"elementor-element elementor-element-1ae779f sc_fly_static elementor-widget elementor-widget-trx_sc_title\" data-id=\"1ae779f\" data-element_type=\"widget\" data-widget_type=\"trx_sc_title.default\">\n\t\t\t\t<div class=\"elementor-widget-container\">\n\t\t\t\t\t<div\t\tclass=\"sc_title sc_title_default\" ><span class=\"sc_item_subtitle sc_title_subtitle sc_align_center sc_item_subtitle_above sc_item_title_style_default\">Marina Kastela<\/span><h1 class=\"sc_item_title sc_title_title sc_align_center sc_item_title_style_default sc_item_title_tag sc_typed\"\n\t\t\t><span class=\"sc_item_title_text\"><span class=\"accent2\">Exklusive Hochzeiten<\/span> im magischen Ambiente von Marina Ka\u0161tela<\/span><\/h1><\/div>\t\t\t\t<\/div>\n\t\t\t\t<\/div>\n\t\t\t\t<div class=\"elementor-element elementor-element-57db269 sc_fly_static elementor-widget elementor-widget-spacer\" data-id=\"57db269\" data-element_type=\"widget\" data-widget_type=\"spacer.default\">\n\t\t\t\t<div class=\"elementor-widget-container\">\n\t\t\t\t\t\t\t<div class=\"elementor-spacer\">\n\t\t\t<div class=\"elementor-spacer-inner\"><\/div>\n\t\t<\/div>\n\t\t\t\t\t\t<\/div>\n\t\t\t\t<\/div>\n\t\t\t\t\t<\/div>\n\t\t<\/div>\n\t\t\t\t\t<\/div>\n\t\t<\/section>\n\t\t\t\t<section class=\"elementor-section elementor-top-section elementor-element elementor-element-c81566b elementor-section-boxed elementor-section-height-default elementor-section-height-default sc_fly_static\" data-id=\"c81566b\" data-element_type=\"section\">\n\t\t\t\t\t\t<div class=\"elementor-container elementor-column-gap-extended\">\n\t\t\t\t\t<div class=\"elementor-column elementor-col-100 elementor-top-column elementor-element elementor-element-22ae0e3 sc_inner_width_none sc_content_align_inherit sc_layouts_column_icons_position_left sc_fly_static\" data-id=\"22ae0e3\" data-element_type=\"column\">\n\t\t\t<div class=\"elementor-widget-wrap elementor-element-populated\">\n\t\t\t\t\t\t<div class=\"elementor-element elementor-element-a9d53d1 sc_height_huge sc_fly_static elementor-widget elementor-widget-spacer\" data-id=\"a9d53d1\" data-element_type=\"widget\" data-widget_type=\"spacer.default\">\n\t\t\t\t<div class=\"elementor-widget-container\">\n\t\t\t\t\t\t\t<div class=\"elementor-spacer\">\n\t\t\t<div class=\"elementor-spacer-inner\"><\/div>\n\t\t<\/div>\n\t\t\t\t\t\t<\/div>\n\t\t\t\t<\/div>\n\t\t\t\t\t<\/div>\n\t\t<\/div>\n\t\t\t\t\t<\/div>\n\t\t<\/section>\n\t\t\t\t<section class=\"elementor-section elementor-top-section elementor-element elementor-element-b940d16 elementor-section-full_width elementor-section-content-middle elementor-section-height-default elementor-section-height-default sc_fly_static\" data-id=\"b940d16\" data-element_type=\"section\" data-settings=\"{&quot;background_background&quot;:&quot;classic&quot;}\">\n\t\t\t\t\t\t<div class=\"elementor-container elementor-column-gap-no\">\n\t\t\t\t\t<div class=\"elementor-column elementor-col-50 elementor-top-column elementor-element elementor-element-6b06fd0 sc_inner_width_none sc_content_align_inherit sc_layouts_column_icons_position_left sc_fly_static\" data-id=\"6b06fd0\" data-element_type=\"column\" data-settings=\"{&quot;background_background&quot;:&quot;classic&quot;}\">\n\t\t\t<div class=\"elementor-widget-wrap elementor-element-populated\">\n\t\t\t\t\t\t<div class=\"elementor-element elementor-element-0b4027b sc_height_huge sc_layouts_hide_on_mobile sc_fly_static elementor-widget elementor-widget-spacer\" data-id=\"0b4027b\" data-element_type=\"widget\" data-widget_type=\"spacer.default\">\n\t\t\t\t<div class=\"elementor-widget-container\">\n\t\t\t\t\t\t\t<div class=\"elementor-spacer\">\n\t\t\t<div class=\"elementor-spacer-inner\"><\/div>\n\t\t<\/div>\n\t\t\t\t\t\t<\/div>\n\t\t\t\t<\/div>\n\t\t\t\t<section class=\"elementor-section elementor-inner-section elementor-element elementor-element-e55ff30 elementor-section-boxed elementor-section-height-default elementor-section-height-default sc_fly_static\" data-id=\"e55ff30\" data-element_type=\"section\" data-settings=\"{&quot;background_background&quot;:&quot;classic&quot;}\">\n\t\t\t\t\t\t<div class=\"elementor-container elementor-column-gap-no\">\n\t\t\t\t\t<div class=\"elementor-column elementor-col-50 elementor-inner-column elementor-element elementor-element-70ec053 sc_inner_width_none sc_content_align_inherit sc_layouts_column_icons_position_left sc_fly_static\" data-id=\"70ec053\" data-element_type=\"column\">\n\t\t\t<div class=\"elementor-widget-wrap elementor-element-populated\">\n\t\t\t\t\t\t<div class=\"elementor-element elementor-element-6b1c7ff no-title sc_fly_static elementor-widget elementor-widget-image\" data-id=\"6b1c7ff\" data-element_type=\"widget\" data-widget_type=\"image.default\">\n\t\t\t\t<div class=\"elementor-widget-container\">\n\t\t\t\t\t\t\t\t\t\t\t\t\t\t\t<img fetchpriority=\"high\" decoding=\"async\" width=\"720\" height=\"1080\" src=\"https:\/\/marina-kastela.hr\/wp-content\/uploads\/2024\/03\/vjencanja-0001.jpg\" class=\"attachment-medium_large size-medium_large wp-image-22929\" alt=\"\" srcset=\"https:\/\/marina-kastela.hr\/wp-content\/uploads\/2024\/03\/vjencanja-0001.jpg 720w, https:\/\/marina-kastela.hr\/wp-content\/uploads\/2024\/03\/vjencanja-0001-200x300.jpg 200w, https:\/\/marina-kastela.hr\/wp-content\/uploads\/2024\/03\/vjencanja-0001-683x1024.jpg 683w, https:\/\/marina-kastela.hr\/wp-content\/uploads\/2024\/03\/vjencanja-0001-370x555.jpg 370w, https:\/\/marina-kastela.hr\/wp-content\/uploads\/2024\/03\/vjencanja-0001-410x615.jpg 410w\" sizes=\"(max-width: 720px) 100vw, 720px\" \/>\t\t\t\t\t\t\t\t\t\t\t\t\t\t\t<\/div>\n\t\t\t\t<\/div>\n\t\t\t\t\t<\/div>\n\t\t<\/div>\n\t\t\t\t<div class=\"elementor-column elementor-col-50 elementor-inner-column elementor-element elementor-element-e39715f sc_content_align_center sc_inner_width_none sc_layouts_column_icons_position_left sc_fly_static\" data-id=\"e39715f\" data-element_type=\"column\" data-settings=\"{&quot;background_background&quot;:&quot;classic&quot;}\">\n\t\t\t<div class=\"elementor-widget-wrap elementor-element-populated\">\n\t\t\t\t\t\t<div class=\"elementor-element elementor-element-1d73712 elementor-view-stacked elementor-widget__width-auto line-height-0 play_center elementor-shape-circle sc_fly_static elementor-widget elementor-widget-icon\" data-id=\"1d73712\" data-element_type=\"widget\" data-widget_type=\"icon.default\">\n\t\t\t\t<div class=\"elementor-widget-container\">\n\t\t\t\t\t\t\t<div class=\"elementor-icon-wrapper\">\n\t\t\t<a class=\"elementor-icon\" href=\"#elementor-action%3Aaction%3Dlightbox%26settings%3DeyJ0eXBlIjoidmlkZW8iLCJ2aWRlb1R5cGUiOiJ2aW1lbyIsInVybCI6Imh0dHBzOlwvXC9wbGF5ZXIudmltZW8uY29tXC92aWRlb1wvMTA4ODAwMzA3MSN0PSJ9\">\n\t\t\t<svg xmlns=\"http:\/\/www.w3.org\/2000\/svg\" width=\"12.24\" height=\"16.583\" viewBox=\"0 0 12.24 16.583\"><path d=\"M17.57,7.966,6.119.07A.395.395,0,0,0,5.5.394V16.188a.395.395,0,0,0,.619.325l11.451-7.9a.395.395,0,0,0,0-.65Z\" transform=\"translate(-5.5 0)\"><\/path><\/svg>\t\t\t<\/a>\n\t\t<\/div>\n\t\t\t\t\t\t<\/div>\n\t\t\t\t<\/div>\n\t\t\t\t\t<\/div>\n\t\t<\/div>\n\t\t\t\t\t<\/div>\n\t\t<\/section>\n\t\t\t\t<div class=\"elementor-element elementor-element-c5af132 sc_height_small sc_layouts_hide_on_tablet sc_layouts_hide_on_mobile sc_fly_static elementor-widget elementor-widget-spacer\" data-id=\"c5af132\" data-element_type=\"widget\" data-widget_type=\"spacer.default\">\n\t\t\t\t<div class=\"elementor-widget-container\">\n\t\t\t\t\t\t\t<div class=\"elementor-spacer\">\n\t\t\t<div class=\"elementor-spacer-inner\"><\/div>\n\t\t<\/div>\n\t\t\t\t\t\t<\/div>\n\t\t\t\t<\/div>\n\t\t\t\t<section class=\"elementor-section elementor-inner-section elementor-element elementor-element-fcf28c5 elementor-section-boxed elementor-section-height-default elementor-section-height-default sc_fly_static\" data-id=\"fcf28c5\" data-element_type=\"section\">\n\t\t\t\t\t\t<div class=\"elementor-container elementor-column-gap-extended\">\n\t\t\t\t\t<div class=\"elementor-column elementor-col-100 elementor-inner-column elementor-element elementor-element-010d585 sc_inner_width_none sc_content_align_inherit sc_layouts_column_icons_position_left sc_fly_static\" data-id=\"010d585\" data-element_type=\"column\">\n\t\t\t<div class=\"elementor-widget-wrap elementor-element-populated\">\n\t\t\t\t\t\t<div class=\"elementor-element elementor-element-16b5c43 elementor-widget__width-initial sc_fly_static elementor-widget elementor-widget-text-editor\" data-id=\"16b5c43\" data-element_type=\"widget\" data-widget_type=\"text-editor.default\">\n\t\t\t\t<div class=\"elementor-widget-container\">\n\t\t\t\t\t\t\t\t\t<p style=\"font-size: 15px;\">Planning &amp; Design: @klaudiapopic.events<br \/>Video: @wedding.catchers<br \/>Decoration: @lalisia.decor<br \/>Make up: @estera_tolusic_makeupartist<br \/>Hair: @hair_studio_institut<br \/>Stationery: @papierromantik<br \/>Cake: @ladelta<br \/>Dress: @linriehlhochzeitshaus<br \/>Jewellery: @trauringhaushannover<br \/>Photography: @hopestudio.de<\/p>\n\t\t\t\t\t\t\t\t<\/div>\n\t\t\t\t<\/div>\n\t\t\t\t\t<\/div>\n\t\t<\/div>\n\t\t\t\t\t<\/div>\n\t\t<\/section>\n\t\t\t\t<div class=\"elementor-element elementor-element-e3e7ae7 sc_height_huge sc_fly_static elementor-widget elementor-widget-spacer\" data-id=\"e3e7ae7\" data-element_type=\"widget\" data-widget_type=\"spacer.default\">\n\t\t\t\t<div class=\"elementor-widget-container\">\n\t\t\t\t\t\t\t<div class=\"elementor-spacer\">\n\t\t\t<div class=\"elementor-spacer-inner\"><\/div>\n\t\t<\/div>\n\t\t\t\t\t\t<\/div>\n\t\t\t\t<\/div>\n\t\t\t\t\t<\/div>\n\t\t<\/div>\n\t\t\t\t<div class=\"elementor-column elementor-col-50 elementor-top-column elementor-element elementor-element-e3730a7 sc_inner_width_1_2 sc_extra_bg_large_right sc-mobile_inner_width_none sc_content_align_inherit sc_layouts_column_icons_position_left sc_fly_static\" data-id=\"e3730a7\" data-element_type=\"column\" data-settings=\"{&quot;background_background&quot;:&quot;classic&quot;}\">\n\t\t\t<div class=\"elementor-widget-wrap elementor-element-populated\">\n\t\t\t\t\t\t<div class=\"elementor-element elementor-element-6adb887 sc_fly_static elementor-widget elementor-widget-trx_sc_title\" data-id=\"6adb887\" data-element_type=\"widget\" data-widget_type=\"trx_sc_title.default\">\n\t\t\t\t<div class=\"elementor-widget-container\">\n\t\t\t\t\t<div\t\tclass=\"sc_title sc_title_default\" ><span class=\"sc_item_subtitle sc_title_subtitle sc_item_subtitle_above sc_item_title_style_default\">Marina Kastela<\/span><h1 class=\"sc_item_title sc_title_title sc_item_title_style_default sc_item_title_tag\"\n\t\t\t><span class=\"sc_item_title_text\"><span class=\"accent2\">Exklusive Hochzeiten<\/span> im magischen Ambiente von Marina Ka\u0161tela<\/span><\/h1><\/div>\t\t\t\t<\/div>\n\t\t\t\t<\/div>\n\t\t\t\t<div class=\"elementor-element elementor-element-59f943a sc_fly_static elementor-widget elementor-widget-spacer\" data-id=\"59f943a\" data-element_type=\"widget\" data-widget_type=\"spacer.default\">\n\t\t\t\t<div class=\"elementor-widget-container\">\n\t\t\t\t\t\t\t<div class=\"elementor-spacer\">\n\t\t\t<div class=\"elementor-spacer-inner\"><\/div>\n\t\t<\/div>\n\t\t\t\t\t\t<\/div>\n\t\t\t\t<\/div>\n\t\t\t\t<div class=\"elementor-element elementor-element-f09a478 sc_fly_static elementor-widget elementor-widget-text-editor\" data-id=\"f09a478\" data-element_type=\"widget\" data-widget_type=\"text-editor.default\">\n\t\t\t\t<div class=\"elementor-widget-container\">\n\t\t\t\t\t\t\t\t\t<p>Der wichtigste Tag im Leben eines jeden Paares verdient es, unvergesslich zu sein und die Marina Ka\u0161tela ist eine magische Hochzeitslocation, die alles bietet, was f\u00fcr eine Traumhochzeit erforderlich ist.<\/p>\n<p>Einer der gr\u00f6\u00dften Vorteile der Marina Ka\u0161tela ist ihre idyllische Lage direkt am Meer, die eine wundersch\u00f6ne Aussicht und eine romantische Atmosph\u00e4re f\u00fcr Ihre Hochzeit bietet.<\/p>\n<p>Die f\u00fcr ihre Exzellenz bekannten Restaurants Spinnaker und Nautic bieten hervorragende Spezialit\u00e4ten, aber auch ein Ambiente, das Ihre G\u00e4ste verzaubern wird. Ein erfahrenes K\u00fcchenteam steht Ihnen zur Verf\u00fcgung, um ein Men\u00fc nach Ihren W\u00fcnschen zu gestalten. Ganz gleich, ob Sie ein Abendessen im kleinen Kreis oder einen glanzvollen Empfang w\u00fcnschen, Nautic und Spinnaker sorgen daf\u00fcr, dass jeder Bissen zu einem wahren kulinarischen Erlebnis wird.  <\/p>\n<p>Das professionelle Team der Marina Ka\u0161tela steht Ihnen zur Verf\u00fcgung, um Ihre Ideen bis ins kleinste Detail in die Tat umzusetzen.<\/p>\n<p>Wenden Sie sich an uns und verraten Sie uns Ihre W\u00fcnsche. In der Marina Ka\u0161tela wird Ihr wichtigster Tag zu einem unvergesslichen Erlebnis \u2013 ganz genau so, wie Sie es sich immer ertr\u00e4umt haben.<\/p>\n<p><a href=\"mailto:ugostiteljstvo@marina-kastela.hr\">ugostiteljstvo@marina-kastela.hr<\/a><\/p>\n<p>+385 (0)99 355 93 11<\/p>\n\t\t\t\t\t\t\t\t<\/div>\n\t\t\t\t<\/div>\n\t\t\t\t<div class=\"elementor-element elementor-element-65c220d sc_height_small sc_layouts_hide_on_tablet sc_layouts_hide_on_mobile sc_fly_static elementor-widget elementor-widget-spacer\" data-id=\"65c220d\" data-element_type=\"widget\" data-widget_type=\"spacer.default\">\n\t\t\t\t<div class=\"elementor-widget-container\">\n\t\t\t\t\t\t\t<div class=\"elementor-spacer\">\n\t\t\t<div class=\"elementor-spacer-inner\"><\/div>\n\t\t<\/div>\n\t\t\t\t\t\t<\/div>\n\t\t\t\t<\/div>\n\t\t\t\t<div class=\"elementor-element elementor-element-50feb35 sc_layouts_hide_on_wide sc_layouts_hide_on_desktop sc_layouts_hide_on_notebook sc_fly_static elementor-widget elementor-widget-spacer\" data-id=\"50feb35\" data-element_type=\"widget\" data-widget_type=\"spacer.default\">\n\t\t\t\t<div class=\"elementor-widget-container\">\n\t\t\t\t\t\t\t<div class=\"elementor-spacer\">\n\t\t\t<div class=\"elementor-spacer-inner\"><\/div>\n\t\t<\/div>\n\t\t\t\t\t\t<\/div>\n\t\t\t\t<\/div>\n\t\t\t\t<div class=\"elementor-element elementor-element-0f67f67 sc_layouts_hide_on_wide sc_layouts_hide_on_desktop sc_layouts_hide_on_notebook sc_layouts_hide_on_tablet sc_layouts_hide_on_mobile sc_fly_static elementor-widget elementor-widget-trx_sc_button\" data-id=\"0f67f67\" data-element_type=\"widget\" data-widget_type=\"trx_sc_button.default\">\n\t\t\t\t<div class=\"elementor-widget-container\">\n\t\t\t\t\t<div\tclass=\"sc_item_button sc_button_wrap\" ><a href=\"#\" class=\"sc_button hide_on_mobile hide_on_tablet hide_on_notebook hide_on_desktop hide_on_wide sc_button_default sc_button_size_normal sc_button_icon_left\" ><span class=\"sc_button_text\"><span class=\"sc_button_title\">Terminvereinbarung<\/span><\/span><\/a><\/div>\t\t\t\t<\/div>\n\t\t\t\t<\/div>\n\t\t\t\t\t<\/div>\n\t\t<\/div>\n\t\t\t\t\t<\/div>\n\t\t<\/section>\n\t\t\t\t<section class=\"elementor-section elementor-top-section elementor-element elementor-element-41e0edb0 elementor-section-boxed elementor-section-height-default elementor-section-height-default sc_fly_static\" data-id=\"41e0edb0\" data-element_type=\"section\" data-settings=\"{&quot;background_background&quot;:&quot;classic&quot;}\">\n\t\t\t\t\t\t<div class=\"elementor-container elementor-column-gap-extended\">\n\t\t\t\t\t<div class=\"elementor-column elementor-col-100 elementor-top-column elementor-element elementor-element-11136201 sc_content_align_left sc_layouts_column_align_left sc_layouts_column sc_inner_width_none sc_layouts_column_icons_position_left sc_fly_static\" data-id=\"11136201\" data-element_type=\"column\">\n\t\t\t<div class=\"elementor-widget-wrap elementor-element-populated\">\n\t\t\t\t\t\t<div class=\"elementor-element elementor-element-6382aafd sc_height_huge sc_fly_static elementor-widget elementor-widget-spacer\" data-id=\"6382aafd\" data-element_type=\"widget\" data-widget_type=\"spacer.default\">\n\t\t\t\t<div class=\"elementor-widget-container\">\n\t\t\t\t\t\t\t<div class=\"elementor-spacer\">\n\t\t\t<div class=\"elementor-spacer-inner\"><\/div>\n\t\t<\/div>\n\t\t\t\t\t\t<\/div>\n\t\t\t\t<\/div>\n\t\t\t\t<div class=\"elementor-element elementor-element-8f9c589 sc_fly_static elementor-widget elementor-widget-trx_widget_slider\" data-id=\"8f9c589\" data-element_type=\"widget\" data-widget_type=\"trx_widget_slider.default\">\n\t\t\t\t<div class=\"elementor-widget-container\">\n\t\t\t\t\t<div class=\"widget_area sc_widget_slider\"><aside class=\"widget widget_slider\">\t\t\t<div class=\"slider_wrap slider_engine_swiper\">\n\t\t\t\t<div class=\"slider_outer slider_swiper_outer slider_style_default slider_source_custom slider_outer_direction_horizontal slider_outer_multi slider_outer_nopagination slider_outer_nocontrols slider_outer_nocentered slider_outer_overflow_visible slider_outer_notitles slider_outer_height_auto\"><div class=\"slider_container slider_swiper swiper-slider-container slider_direction_horizontal slider_nopagination slider_multi slider_type_images slider_nocontrols slider_nocentered slider_overflow_visible slider_notitles slider_noresize slider_swipe slider_height_auto\" data-interval=\"7000\" data-speed=\"600\" data-effect=\"slide\" data-pagination=\"bullets\" data-direction=\"horizontal\" data-slides-per-view=\"2\" data-slides-space=\"60\" data-slides-parallax=\"0\" data-slides-centered=\"0\" data-slides-overflow=\"1\" data-mouse-wheel=\"0\" data-autoplay=\"1\" data-loop=\"1\" data-free-mode=\"0\" data-slides-min-width=\"220\"><div class=\"slider-wrapper swiper-wrapper\"><div  class=\"slider-slide swiper-slide\" data-image=\"\/\/marina-kastela.hr\/wp-content\/uploads\/2024\/03\/vjencanja-02.jpg\" style=\"\"><img decoding=\"async\" src=\"\/\/marina-kastela.hr\/wp-content\/uploads\/2024\/03\/vjencanja-02.jpg\" alt=\"\"><\/div><div  class=\"slider-slide swiper-slide\" data-image=\"\/\/marina-kastela.hr\/wp-content\/uploads\/2024\/03\/vjencanja-03.jpg\" style=\"\"><img decoding=\"async\" src=\"\/\/marina-kastela.hr\/wp-content\/uploads\/2024\/03\/vjencanja-03.jpg\" alt=\"\"><\/div><div  class=\"slider-slide swiper-slide\" data-image=\"\/\/marina-kastela.hr\/wp-content\/uploads\/2024\/03\/vjencanja-04.jpg\" style=\"\"><img decoding=\"async\" src=\"\/\/marina-kastela.hr\/wp-content\/uploads\/2024\/03\/vjencanja-04.jpg\" alt=\"\"><\/div><div  class=\"slider-slide swiper-slide\" data-image=\"\/\/marina-kastela.hr\/wp-content\/uploads\/2024\/03\/vjencanja-05.jpg\" style=\"\"><img decoding=\"async\" src=\"\/\/marina-kastela.hr\/wp-content\/uploads\/2024\/03\/vjencanja-05.jpg\" alt=\"\"><\/div><div  class=\"slider-slide swiper-slide\" data-image=\"\/\/marina-kastela.hr\/wp-content\/uploads\/2024\/03\/vjencanja-06.jpg\" style=\"\"><img decoding=\"async\" src=\"\/\/marina-kastela.hr\/wp-content\/uploads\/2024\/03\/vjencanja-06.jpg\" alt=\"\"><\/div><div  class=\"slider-slide swiper-slide\" data-image=\"\/\/marina-kastela.hr\/wp-content\/uploads\/2024\/03\/vjencanja-07.jpg\" style=\"\"><img decoding=\"async\" src=\"\/\/marina-kastela.hr\/wp-content\/uploads\/2024\/03\/vjencanja-07.jpg\" alt=\"\"><\/div><div  class=\"slider-slide swiper-slide\" data-image=\"\/\/marina-kastela.hr\/wp-content\/uploads\/2024\/03\/vjencanja-08.jpg\" style=\"\"><img decoding=\"async\" src=\"\/\/marina-kastela.hr\/wp-content\/uploads\/2024\/03\/vjencanja-08.jpg\" alt=\"\"><\/div><div  class=\"slider-slide swiper-slide\" data-image=\"\/\/marina-kastela.hr\/wp-content\/uploads\/2024\/03\/vjencanja-09.jpg\" style=\"\"><img decoding=\"async\" src=\"\/\/marina-kastela.hr\/wp-content\/uploads\/2024\/03\/vjencanja-09.jpg\" alt=\"\"><\/div><div  class=\"slider-slide swiper-slide\" data-image=\"\/\/marina-kastela.hr\/wp-content\/uploads\/2024\/03\/vjencanja-010.jpg\" style=\"\"><img decoding=\"async\" src=\"\/\/marina-kastela.hr\/wp-content\/uploads\/2024\/03\/vjencanja-010.jpg\" alt=\"\"><\/div><div  class=\"slider-slide swiper-slide\" data-image=\"\/\/marina-kastela.hr\/wp-content\/uploads\/2024\/03\/vjencanja-011.jpg\" style=\"\"><img decoding=\"async\" src=\"\/\/marina-kastela.hr\/wp-content\/uploads\/2024\/03\/vjencanja-011.jpg\" alt=\"\"><\/div><\/div><\/div><\/div>\t\t\t<\/div>\n\t\t\t<\/aside><\/div>\t\t\t\t<\/div>\n\t\t\t\t<\/div>\n\t\t\t\t<div class=\"elementor-element elementor-element-0e8fda5 sc_height_huge sc_fly_static elementor-widget elementor-widget-spacer\" data-id=\"0e8fda5\" data-element_type=\"widget\" data-widget_type=\"spacer.default\">\n\t\t\t\t<div class=\"elementor-widget-container\">\n\t\t\t\t\t\t\t<div class=\"elementor-spacer\">\n\t\t\t<div class=\"elementor-spacer-inner\"><\/div>\n\t\t<\/div>\n\t\t\t\t\t\t<\/div>\n\t\t\t\t<\/div>\n\t\t\t\t\t<\/div>\n\t\t<\/div>\n\t\t\t\t\t<\/div>\n\t\t<\/section>\n\t\t\t\t<\/div>\n\t\t","protected":false},"excerpt":{"rendered":"<p>Marina Kastela Exklusive Hochzeiten im magischen Ambiente von Marina Ka\u0161tela Planning &amp; Design: @klaudiapopic.eventsVideo: @wedding.catchersDecoration: @lalisia.decorMake up: @estera_tolusic_makeupartistHair: @hair_studio_institutStationery: @papierromantikCake: @ladeltaDress: @linriehlhochzeitshausJewellery: @trauringhaushannoverPhotography: @hopestudio.de Marina Kastela Exklusive Hochzeiten im magischen&hellip;<\/p>\n","protected":false},"author":1,"featured_media":0,"parent":0,"menu_order":51,"comment_status":"closed","ping_status":"closed","template":"","meta":{"inline_featured_image":false,"footnotes":""},"class_list":["post-24097","page","type-page","status-publish","hentry"],"_links":{"self":[{"href":"https:\/\/marina-kastela.hr\/de\/wp-json\/wp\/v2\/pages\/24097","targetHints":{"allow":["GET"]}}],"collection":[{"href":"https:\/\/marina-kastela.hr\/de\/wp-json\/wp\/v2\/pages"}],"about":[{"href":"https:\/\/marina-kastela.hr\/de\/wp-json\/wp\/v2\/types\/page"}],"author":[{"embeddable":true,"href":"https:\/\/marina-kastela.hr\/de\/wp-json\/wp\/v2\/users\/1"}],"replies":[{"embeddable":true,"href":"https:\/\/marina-kastela.hr\/de\/wp-json\/wp\/v2\/comments?post=24097"}],"version-history":[{"count":6,"href":"https:\/\/marina-kastela.hr\/de\/wp-json\/wp\/v2\/pages\/24097\/revisions"}],"predecessor-version":[{"id":29158,"href":"https:\/\/marina-kastela.hr\/de\/wp-json\/wp\/v2\/pages\/24097\/revisions\/29158"}],"wp:attachment":[{"href":"https:\/\/marina-kastela.hr\/de\/wp-json\/wp\/v2\/media?parent=24097"}],"curies":[{"name":"wp","href":"https:\/\/api.w.org\/{rel}","templated":true}]}}