{"id":24211,"date":"2024-04-04T09:21:49","date_gmt":"2024-04-04T08:21:49","guid":{"rendered":"https:\/\/marina-kastela.hr\/dokumente\/"},"modified":"2026-02-12T14:17:11","modified_gmt":"2026-02-12T13:17:11","slug":"dokumente","status":"publish","type":"page","link":"https:\/\/marina-kastela.hr\/de\/dokumente\/","title":{"rendered":"Dokumente"},"content":{"rendered":"\t\t<div data-elementor-type=\"wp-page\" data-elementor-id=\"24211\" class=\"elementor elementor-24211 elementor-23727\" data-elementor-post-type=\"page\">\n\t\t\t\t\t\t<section class=\"elementor-section elementor-top-section elementor-element elementor-element-e2071a5 elementor-section-boxed elementor-section-height-default elementor-section-height-default sc_fly_static\" data-id=\"e2071a5\" data-element_type=\"section\">\n\t\t\t\t\t\t<div class=\"elementor-container elementor-column-gap-extended\">\n\t\t\t\t\t<div class=\"elementor-column elementor-col-100 elementor-top-column elementor-element elementor-element-93a7270 sc_inner_width_none sc_content_align_inherit sc_layouts_column_icons_position_left sc_fly_static\" data-id=\"93a7270\" data-element_type=\"column\">\n\t\t\t<div class=\"elementor-widget-wrap elementor-element-populated\">\n\t\t\t\t\t\t<div class=\"elementor-element elementor-element-3cd2709 sc_fly_static elementor-widget elementor-widget-text-editor\" data-id=\"3cd2709\" data-element_type=\"widget\" data-widget_type=\"text-editor.default\">\n\t\t\t\t<div class=\"elementor-widget-container\">\n\t\t\t\t\t\t\t\t\t<h3>Dokumente<\/h3><p>Um das Dokument herunterzuladen, klicken Sie auf den Link<\/p>\t\t\t\t\t\t\t\t<\/div>\n\t\t\t\t<\/div>\n\t\t\t\t<div class=\"elementor-element elementor-element-520a87f sc_fly_static elementor-widget elementor-widget-spacer\" data-id=\"520a87f\" data-element_type=\"widget\" data-widget_type=\"spacer.default\">\n\t\t\t\t<div class=\"elementor-widget-container\">\n\t\t\t\t\t\t\t<div class=\"elementor-spacer\">\n\t\t\t<div class=\"elementor-spacer-inner\"><\/div>\n\t\t<\/div>\n\t\t\t\t\t\t<\/div>\n\t\t\t\t<\/div>\n\t\t\t\t\t<\/div>\n\t\t<\/div>\n\t\t\t\t\t<\/div>\n\t\t<\/section>\n\t\t\t\t<section class=\"elementor-section elementor-top-section elementor-element elementor-element-70bfbb3 elementor-section-boxed elementor-section-height-default elementor-section-height-default sc_fly_static\" data-id=\"70bfbb3\" data-element_type=\"section\">\n\t\t\t\t\t\t<div class=\"elementor-container elementor-column-gap-extended\">\n\t\t\t\t\t<div class=\"elementor-column elementor-col-100 elementor-top-column elementor-element elementor-element-5605682 sc_inner_width_none sc_content_align_inherit sc_layouts_column_icons_position_left sc_fly_static\" data-id=\"5605682\" data-element_type=\"column\">\n\t\t\t<div class=\"elementor-widget-wrap elementor-element-populated\">\n\t\t\t\t\t\t<div class=\"elementor-element elementor-element-5026fee sc_fly_static elementor-widget elementor-widget-trx_sc_table\" data-id=\"5026fee\" data-element_type=\"widget\" data-widget_type=\"trx_sc_table.default\">\n\t\t\t\t<div class=\"elementor-widget-container\">\n\t\t\t\t\t<div class=\"sc_table_wrap\"><div\t\tclass=\"sc_table sc_table_default trx_addons_inline_1673095312\" ><table>\n  <tbody>\n    <tr>\n      <th style=\"text-align: center;\">#<\/th>\n<th style=\"text-align: center;\">Dokumente<\/th>\n<th style=\"text-align: center;\">Download<\/th>      \n    <\/tr>\n    <tr>\n      <td style=\"text-align: center;\">1<\/td>\n<td style=\"text-align: left;\">\u2013 Preisliste 2026 <\/td>\n<td style=\"text-align: center;\"><a href=\"\/wp-content\/uploads\/2026\/02\/CJENIK_DE-.pdf\" target=\"_blank\">link<\/a><\/td>     \n    <\/tr>\n    <tr>\n      <td style=\"text-align: center;\">2<\/td>\n<td style=\"text-align: left;\">\u2013 Antrag auf Unterbringung eines Wasserfahrzeugs<\/td>\n<td style=\"text-align: center;\"><a href=\"\/wp-content\/uploads\/2025\/12\/Accomodation-request-form-2026.pdf\" target=\"_blank\">link<\/a><\/td>\n    <\/tr>\n<tr>\n      <td style=\"text-align: center;\">3<\/td>\n<td style=\"text-align: left;\">\u2013 Hafenordnung<\/td>\n<td style=\"text-align: center;\"><a href=\"\/wp-content\/uploads\/2024\/05\/Hafenordnung-Marine-Kastela_DE.pdf\" target=\"_blank\">link<\/a><\/td>\n    <\/tr>\n<tr>\n      <td style=\"text-align: center;\">4<\/td>\n<td style=\"text-align: left;\">\u2013Allgemeine bedingungen des vertrages \u00fcber die nutzung eines liegeplatzes in der Marina Ka\u0161tela<\/td>\n<td style=\"text-align: center;\"><a href=\"\/wp-content\/uploads\/2025\/04\/OUP_DE.pdf\" target=\"_blank\">link<\/a><\/td>\n    <\/tr>\n<tr>\n      <td style=\"text-align: center;\">5<\/td>\n<td style=\"text-align: left;\">\u2013 Hinweis zur Einreichung einer Verbraucherbeschwerde<\/td>\n<td style=\"text-align: center;\"><a href=\"\/wp-content\/uploads\/2024\/05\/Hinweis-zur-Einreichung-einer-Verbraucherbeschwerde.pdf\" target=\"_blank\">link<\/a><\/td>\n    <\/tr>\n  <\/tbody>\n<\/table><\/div><\/div>\t\t\t\t<\/div>\n\t\t\t\t<\/div>\n\t\t\t\t<div class=\"elementor-element elementor-element-2f6e985 elementor-widget-divider--view-line sc_fly_static elementor-widget elementor-widget-divider\" data-id=\"2f6e985\" data-element_type=\"widget\" data-widget_type=\"divider.default\">\n\t\t\t\t<div class=\"elementor-widget-container\">\n\t\t\t\t\t\t\t<div class=\"elementor-divider\">\n\t\t\t<span class=\"elementor-divider-separator\">\n\t\t\t\t\t\t<\/span>\n\t\t<\/div>\n\t\t\t\t\t\t<\/div>\n\t\t\t\t<\/div>\n\t\t\t\t\t<\/div>\n\t\t<\/div>\n\t\t\t\t\t<\/div>\n\t\t<\/section>\n\t\t\t\t<section class=\"elementor-section elementor-top-section elementor-element elementor-element-2d05d075 elementor-section-boxed elementor-section-height-default elementor-section-height-default sc_fly_static\" data-id=\"2d05d075\" data-element_type=\"section\">\n\t\t\t\t\t\t<div class=\"elementor-container elementor-column-gap-extended\">\n\t\t\t\t\t<div class=\"elementor-column elementor-col-100 elementor-top-column elementor-element elementor-element-693f5e7a sc_inner_width_none sc_content_align_inherit sc_layouts_column_icons_position_left sc_fly_static\" data-id=\"693f5e7a\" data-element_type=\"column\">\n\t\t\t<div class=\"elementor-widget-wrap elementor-element-populated\">\n\t\t\t\t\t\t<div class=\"elementor-element elementor-element-dcb3190 sc_fly_static elementor-widget elementor-widget-text-editor\" data-id=\"dcb3190\" data-element_type=\"widget\" data-widget_type=\"text-editor.default\">\n\t\t\t\t<div class=\"elementor-widget-container\">\n\t\t\t\t\t\t\t\t\t<h3>Schutz personenbezogener Daten<\/h3>\n<p>\nDokumente, Fotos, Daten, Informationen sowie s\u00e4mtliche Inhalte dieser Website d\u00fcrfen ohne Genehmigung weder f\u00fcr kommerzielle noch f\u00fcr sonstige Zwecke vervielf\u00e4ltigt, verbreitet oder anderweitig verwendet werden.<br>Das Setzen von Links von dieser Website auf andere Websites ist gestattet. Marine Ka\u0161tela doo \u00fcbernimmt jedoch keine Verantwortung f\u00fcr deren Inhalt oder Verf\u00fcgbarkeit.\n<\/p>\n<p>\nW\u00e4hlen Sie den Link, um das Dokument herunterzuladen.\n<\/p>\t\t\t\t\t\t\t\t<\/div>\n\t\t\t\t<\/div>\n\t\t\t\t<div class=\"elementor-element elementor-element-6df3aa3 sc_fly_static elementor-widget elementor-widget-spacer\" data-id=\"6df3aa3\" data-element_type=\"widget\" data-widget_type=\"spacer.default\">\n\t\t\t\t<div class=\"elementor-widget-container\">\n\t\t\t\t\t\t\t<div class=\"elementor-spacer\">\n\t\t\t<div class=\"elementor-spacer-inner\"><\/div>\n\t\t<\/div>\n\t\t\t\t\t\t<\/div>\n\t\t\t\t<\/div>\n\t\t\t\t\t<\/div>\n\t\t<\/div>\n\t\t\t\t\t<\/div>\n\t\t<\/section>\n\t\t\t\t<section class=\"elementor-section elementor-top-section elementor-element elementor-element-1f5639e elementor-section-boxed elementor-section-height-default elementor-section-height-default sc_fly_static\" data-id=\"1f5639e\" data-element_type=\"section\">\n\t\t\t\t\t\t<div class=\"elementor-container elementor-column-gap-extended\">\n\t\t\t\t\t<div class=\"elementor-column elementor-col-100 elementor-top-column elementor-element elementor-element-97db3af sc_inner_width_none sc_content_align_inherit sc_layouts_column_icons_position_left sc_fly_static\" data-id=\"97db3af\" data-element_type=\"column\">\n\t\t\t<div class=\"elementor-widget-wrap elementor-element-populated\">\n\t\t\t\t\t\t<div class=\"elementor-element elementor-element-4b85dba3 sc_fly_static elementor-widget elementor-widget-trx_sc_table\" data-id=\"4b85dba3\" data-element_type=\"widget\" data-widget_type=\"trx_sc_table.default\">\n\t\t\t\t<div class=\"elementor-widget-container\">\n\t\t\t\t\t<div class=\"sc_table_wrap\"><div\t\tclass=\"sc_table sc_table_default trx_addons_inline_108937340\" ><table>\n  <tbody>\n    <tr>\n      <th style=\"text-align: center;\">#<\/th>\n<th style=\"text-align: center;\">Dokumente<\/th>\n<th style=\"text-align: center;\">Download<\/th>      \n    <\/tr>\n    <tr>\n      <td style=\"text-align: center;\">1<\/td>\n<td style=\"text-align: left;\">\u2013Datenschutzerkl\u00e4rung<\/td>\n<td style=\"text-align: center;\"> <a href=\"\/wp-content\/uploads\/2024\/05\/Datenschutzerklarung-DE.pdf\" target=\"_blank\">link<\/a> <\/td>     \n    <\/tr>\n    <tr>\n      <td style=\"text-align: center;\">2<\/td>\n<td style=\"text-align: left;\">\u2013 Beschluss \u00fcber die Benennung eines Datenschutzbeauftragten<\/td>\n<td style=\"text-align: center;\"> <a href=\"\/wp-content\/uploads\/2024\/05\/Beschluss-uber-die-Benennung-eines-Datenschutzbeauftragten-DE.pdf\" target=\"_blank\">link<\/a> <\/td>\n    <\/tr>\n    <tr>\n      <td style=\"text-align: center;\">3<\/td>\n<td style=\"text-align: left;\">\u2013 Vorschriften zum Schutz personenbezogener Daten<\/td>\n<td style=\"text-align: center;\"> <a href=\"\/wp-content\/uploads\/2025\/03\/pravilnik_o_zastiti_osobnih_podataka_marine_kastela_doo.pdf\" target=\"_blank\">link<\/a> <\/td>\n    <\/tr>\n  <\/tbody>\n<\/table><\/div><\/div>\t\t\t\t<\/div>\n\t\t\t\t<\/div>\n\t\t\t\t<div class=\"elementor-element elementor-element-180b6d2 elementor-widget-divider--view-line sc_fly_static elementor-widget elementor-widget-divider\" data-id=\"180b6d2\" data-element_type=\"widget\" data-widget_type=\"divider.default\">\n\t\t\t\t<div class=\"elementor-widget-container\">\n\t\t\t\t\t\t\t<div class=\"elementor-divider\">\n\t\t\t<span class=\"elementor-divider-separator\">\n\t\t\t\t\t\t<\/span>\n\t\t<\/div>\n\t\t\t\t\t\t<\/div>\n\t\t\t\t<\/div>\n\t\t\t\t\t<\/div>\n\t\t<\/div>\n\t\t\t\t\t<\/div>\n\t\t<\/section>\n\t\t\t\t<\/div>\n\t\t","protected":false},"excerpt":{"rendered":"<p>Dokumente Um das Dokument herunterzuladen, klicken Sie auf den Link # Dokumente Download 1 \u2013 Preisliste 2026 link 2 \u2013 Antrag auf Unterbringung eines Wasserfahrzeugs link 3 \u2013 Hafenordnung link&hellip;<\/p>\n","protected":false},"author":1,"featured_media":0,"parent":0,"menu_order":0,"comment_status":"closed","ping_status":"closed","template":"","meta":{"inline_featured_image":false,"footnotes":""},"class_list":["post-24211","page","type-page","status-publish","hentry"],"_links":{"self":[{"href":"https:\/\/marina-kastela.hr\/de\/wp-json\/wp\/v2\/pages\/24211","targetHints":{"allow":["GET"]}}],"collection":[{"href":"https:\/\/marina-kastela.hr\/de\/wp-json\/wp\/v2\/pages"}],"about":[{"href":"https:\/\/marina-kastela.hr\/de\/wp-json\/wp\/v2\/types\/page"}],"author":[{"embeddable":true,"href":"https:\/\/marina-kastela.hr\/de\/wp-json\/wp\/v2\/users\/1"}],"replies":[{"embeddable":true,"href":"https:\/\/marina-kastela.hr\/de\/wp-json\/wp\/v2\/comments?post=24211"}],"version-history":[{"count":31,"href":"https:\/\/marina-kastela.hr\/de\/wp-json\/wp\/v2\/pages\/24211\/revisions"}],"predecessor-version":[{"id":30498,"href":"https:\/\/marina-kastela.hr\/de\/wp-json\/wp\/v2\/pages\/24211\/revisions\/30498"}],"wp:attachment":[{"href":"https:\/\/marina-kastela.hr\/de\/wp-json\/wp\/v2\/media?parent=24211"}],"curies":[{"name":"wp","href":"https:\/\/api.w.org\/{rel}","templated":true}]}}