{"id":24495,"date":"2024-02-16T09:35:21","date_gmt":"2024-02-16T08:35:21","guid":{"rendered":"https:\/\/marina-kastela.hr\/anfrage-fuer-liegeplaetze\/"},"modified":"2024-05-23T09:26:26","modified_gmt":"2024-05-23T08:26:26","slug":"anfrage-fuer-liegeplaetze","status":"publish","type":"page","link":"https:\/\/marina-kastela.hr\/de\/anfrage-fuer-liegeplaetze\/","title":{"rendered":"ANFRAGE F\u00dcR LIEGEPL\u00c4TZE"},"content":{"rendered":"\t\t<div data-elementor-type=\"wp-page\" data-elementor-id=\"24495\" class=\"elementor elementor-24495 elementor-21045\" data-elementor-post-type=\"page\">\n\t\t\t\t\t\t<section class=\"elementor-section elementor-top-section elementor-element elementor-element-6f189bcb scheme_default elementor-section-boxed elementor-section-height-default elementor-section-height-default sc_fly_static\" data-id=\"6f189bcb\" data-element_type=\"section\" data-settings=\"{&quot;background_background&quot;:&quot;classic&quot;}\">\n\t\t\t\t\t\t<div class=\"elementor-container elementor-column-gap-extended\">\n\t\t\t\t\t<div class=\"elementor-column elementor-col-100 elementor-top-column elementor-element elementor-element-5e3af572 sc_inner_width_none sc_content_align_inherit sc_layouts_column_icons_position_left sc_fly_static\" data-id=\"5e3af572\" data-element_type=\"column\">\n\t\t\t<div class=\"elementor-widget-wrap elementor-element-populated\">\n\t\t\t\t\t\t<div class=\"elementor-element elementor-element-2539fcc7 sc_height_huge sc_fly_static elementor-widget elementor-widget-spacer\" data-id=\"2539fcc7\" data-element_type=\"widget\" data-widget_type=\"spacer.default\">\n\t\t\t\t<div class=\"elementor-widget-container\">\n\t\t\t\t\t\t\t<div class=\"elementor-spacer\">\n\t\t\t<div class=\"elementor-spacer-inner\"><\/div>\n\t\t<\/div>\n\t\t\t\t\t\t<\/div>\n\t\t\t\t<\/div>\n\t\t\t\t<div class=\"elementor-element elementor-element-49fd8f5 sc_layouts_hide_on_mobile sc_fly_static elementor-widget elementor-widget-spacer\" data-id=\"49fd8f5\" data-element_type=\"widget\" data-widget_type=\"spacer.default\">\n\t\t\t\t<div class=\"elementor-widget-container\">\n\t\t\t\t\t\t\t<div class=\"elementor-spacer\">\n\t\t\t<div class=\"elementor-spacer-inner\"><\/div>\n\t\t<\/div>\n\t\t\t\t\t\t<\/div>\n\t\t\t\t<\/div>\n\t\t\t\t<div class=\"elementor-element elementor-element-61c6afbe sc_fly_static elementor-widget elementor-widget-trx_sc_price\" data-id=\"61c6afbe\" data-element_type=\"widget\" data-widget_type=\"trx_sc_price.default\">\n\t\t\t\t<div class=\"elementor-widget-container\">\n\t\t\t\t\t<div  \r\n\tclass=\"sc_price sc_price_focus\"><div class=\"sc_price_columns_wrap sc_item_columns trx_addons_columns_wrap columns_padding_bottom columns_in_single_row\"><div class=\"trx_addons_column-1_3\"><div class=\"sc_price_item sc_price_item_focus\">\r\n\t\t\t<div class=\"sc_price_item_inner\"><div class=\"sc_price_item_info_top\"><h3 class=\"sc_price_item_title\"><span>Transit-Liegeplatz<\/span><\/h3><\/div><div class=\"sc_price_item_icon sc_price_item_icon_type_ icon-yacht\"\r\n\t\t\t\t\t\t\t\t\t\t\t\t><span class=\"sc_icon_type_ icon-yacht\"\r\n\t\t\t\t\t\t\t\t\t\t\t\t\t\t\t><\/span><\/div><div class=\"sc_price_item_info\"><div class=\"sc_price_item_details\"><ul>\n<li>Zeitweiliger Wasserliegeplatz<\/li>\n<li>Zeitweiliger Trockenliegeplatz<\/li>\n<li>Megayachts<\/li>\n<\/ul>\n<\/div><a href=\"https:\/\/marina-kastela.hr\/de\/anfrage-zum-transit-liegeplatz\/\" class=\"sc_price_item_link sc_button_bordered sc_button\">Anfrage f\u00fcr Transit-Liegepl\u00e4tze<\/a><\/div><!-- \/.sc_price_item_info --><\/div><!-- \/.sc_price_item_inner --><\/div><\/div><div class=\"trx_addons_column-1_3\"><div class=\"sc_price_item sc_price_active sc_price_item_focus\">\r\n\t\t\t<div class=\"sc_price_item_inner\"><div class=\"sc_price_item_info_top\"><h3 class=\"sc_price_item_title\"><span>Vertraglich vereinbarter Liegeplatz<\/span><\/h3><\/div><div class=\"sc_price_item_icon sc_price_item_icon_type_ icon-buoys\"\r\n\t\t\t\t\t\t\t\t\t\t\t\t><span class=\"sc_icon_type_ icon-buoys\"\r\n\t\t\t\t\t\t\t\t\t\t\t\t\t\t\t><\/span><\/div><div class=\"sc_price_item_info\"><div class=\"sc_price_item_details\"><ul>\n<li>Ganzj\u00e4hriger Wasserliegeplatz<\/li>\n<li>Ganzj\u00e4hriger Trockenliegeplatz<\/li>\n<li>Halbj\u00e4hriger Liegeplatz<\/li>\n<\/ul>\n<\/div><a href=\"\/de\/liegeplatzantrag\/\" class=\"sc_price_item_link sc_button_bordered sc_button\" target=\"_blank\">LIEGEPLATZ-ANTRAG<\/a><\/div><!-- \/.sc_price_item_info --><\/div><!-- \/.sc_price_item_inner --><\/div><\/div><div class=\"trx_addons_column-1_3\"><div class=\"sc_price_item sc_price_item_focus\">\r\n\t\t\t<div class=\"sc_price_item_inner\"><div class=\"sc_price_item_info_top\"><h3 class=\"sc_price_item_title\"><span>Anfrage zu Serviceleistungen<\/span><\/h3><\/div><div class=\"sc_price_item_icon sc_price_item_icon_type_ icon-tools\"\r\n\t\t\t\t\t\t\t\t\t\t\t\t><span class=\"sc_icon_type_ icon-tools\"\r\n\t\t\t\t\t\t\t\t\t\t\t\t\t\t\t><\/span><\/div><div class=\"sc_price_item_info\"><div class=\"sc_price_item_details\"><ul>\n<li>60-Tonnen-Travellift<\/li>\n<li>40-Tonnen-Carello<\/li>\n<li>5-Tonnen-Kran<\/li>\n<\/ul>\n<\/div><a href=\"https:\/\/marina-kastela.hr\/de\/anfrage-fuer-servicearbeiten\/\" class=\"sc_price_item_link sc_button_bordered sc_button\" target=\"_blank\">SERVICE-ANFRAGE<\/a><\/div><!-- \/.sc_price_item_info --><\/div><!-- \/.sc_price_item_inner --><\/div><\/div><\/div><\/div><!-- \/.sc_price -->\t\t\t\t<\/div>\n\t\t\t\t<\/div>\n\t\t\t\t<div class=\"elementor-element elementor-element-b6bd271 sc_height_huge sc_fly_static elementor-widget elementor-widget-spacer\" data-id=\"b6bd271\" data-element_type=\"widget\" data-widget_type=\"spacer.default\">\n\t\t\t\t<div class=\"elementor-widget-container\">\n\t\t\t\t\t\t\t<div class=\"elementor-spacer\">\n\t\t\t<div class=\"elementor-spacer-inner\"><\/div>\n\t\t<\/div>\n\t\t\t\t\t\t<\/div>\n\t\t\t\t<\/div>\n\t\t\t\t\t<\/div>\n\t\t<\/div>\n\t\t\t\t\t<\/div>\n\t\t<\/section>\n\t\t\t\t<\/div>\n\t\t","protected":false},"excerpt":{"rendered":"<p>Transit-Liegeplatz Zeitweiliger Wasserliegeplatz Zeitweiliger Trockenliegeplatz Megayachts Anfrage f\u00fcr Transit-Liegepl\u00e4tze Vertraglich vereinbarter Liegeplatz Ganzj\u00e4hriger Wasserliegeplatz Ganzj\u00e4hriger Trockenliegeplatz Halbj\u00e4hriger Liegeplatz LIEGEPLATZ-ANTRAG Anfrage zu Serviceleistungen 60-Tonnen-Travellift 40-Tonnen-Carello 5-Tonnen-Kran SERVICE-ANFRAGE<\/p>\n","protected":false},"author":1,"featured_media":0,"parent":0,"menu_order":0,"comment_status":"closed","ping_status":"closed","template":"","meta":{"inline_featured_image":false,"footnotes":""},"class_list":["post-24495","page","type-page","status-publish","hentry"],"_links":{"self":[{"href":"https:\/\/marina-kastela.hr\/de\/wp-json\/wp\/v2\/pages\/24495","targetHints":{"allow":["GET"]}}],"collection":[{"href":"https:\/\/marina-kastela.hr\/de\/wp-json\/wp\/v2\/pages"}],"about":[{"href":"https:\/\/marina-kastela.hr\/de\/wp-json\/wp\/v2\/types\/page"}],"author":[{"embeddable":true,"href":"https:\/\/marina-kastela.hr\/de\/wp-json\/wp\/v2\/users\/1"}],"replies":[{"embeddable":true,"href":"https:\/\/marina-kastela.hr\/de\/wp-json\/wp\/v2\/comments?post=24495"}],"version-history":[{"count":14,"href":"https:\/\/marina-kastela.hr\/de\/wp-json\/wp\/v2\/pages\/24495\/revisions"}],"predecessor-version":[{"id":25178,"href":"https:\/\/marina-kastela.hr\/de\/wp-json\/wp\/v2\/pages\/24495\/revisions\/25178"}],"wp:attachment":[{"href":"https:\/\/marina-kastela.hr\/de\/wp-json\/wp\/v2\/media?parent=24495"}],"curies":[{"name":"wp","href":"https:\/\/api.w.org\/{rel}","templated":true}]}}